{"id":18679,"date":"2023-11-29T19:26:38","date_gmt":"2023-11-29T19:26:38","guid":{"rendered":"https:\/\/tilsamjewelry.com\/?post_type=product&#038;p=18679"},"modified":"2023-11-30T10:14:45","modified_gmt":"2023-11-30T10:14:45","slug":"serpens-emerald-ring","status":"publish","type":"product","link":"https:\/\/tilsamjewelry.com\/en\/produkt\/serpens-emerald-ring\/","title":{"rendered":"Serpens Emerald Ring Yellow\/White"},"content":{"rendered":"<div>\n<p><strong><em>Are you ready for transformation? <\/em><\/strong><\/p>\n<p class=\"gwp04631463_p1\"><span class=\"gwp04631463_s1\">The snake is a powerful symbol in a variety of cultures and belief systems. Its ability to shed its skin represents the concept of rebirth and renewal.<\/span><\/p>\n<p class=\"gwp04631463_p1\"><span class=\"gwp04631463_s1\"> This shedding process symbolizes the idea of leaving behind the old and embracing the new. It represents a continuous cycle of growth and transformation, reminding us that change is an essential part of life.<\/span><\/p>\n<p class=\"gwp04631463_p1\"><span class=\"gwp04631463_s1\">Let go of the past and embark on your personal journey of transformation and self-discovery.<\/span><\/p>\n<p><strong><em>The snake will either shed its skin or die.\u201d <\/em><\/strong><\/p>\n<p>Don&#8217;t be afraid to let go of what no longer serves you.<\/p>\n<p>The word transformation comes from the Latin <em>transforma<\/em>, meaning a change within form. It is a change within the most fundamental level of being, thinking, perceiving and worldview.<\/p>\n<p>When change occurs at the core of our being and understanding, our thoughts or beliefs, and often our circumstances and how we approach them, change so much that they never return to their former place because we have transformed in a fundamental way.<\/p>\n<p>We are afraid of changes, we are afraid of letting go of what we cling to and what has long stopped serving us. But transformation is necessary for our development. Let&#8217;s learn this from snakes.<\/p>\n<p><strong>The emerald is a stone of eternal youth.<\/strong><\/p>\n<p>It is also a secret knowledge stone.<\/p>\n<p>It favors friendships, develops honesty and understanding. It brings inner peace and soothes excessive desires. It encourages kindness and openness to others, and also contributes to the resolution of long-term conflicts.<\/p>\n<p style=\"text-align: justify;\">You can learn more about the gem&#8217;s properties in the <a href=\"https:\/\/tilsamjewelry.com\/litoterapia\/\">Lithotherapy<\/a>section.<\/p>\n<p>Serpens is a registered industrial design protected by European Union law.<\/p>\n<p>Find out <a href=\"https:\/\/tilsamjewelry.com\/jak-dbac-o-bizuterie-tilsam\/\">how to take care of our Tilsams.<\/a><\/p>\n<\/div>\n<div><\/div>\n","protected":false},"excerpt":{"rendered":"<p>Ring with emerald and diamonds<br \/>\nStone type: Emerald<br \/>\nDiamond weight: 0.06 ct<br \/>\nNumber of diamonds: 3<br \/>\nGold weight: 5.27 g (14 k)<\/p>\n<p>Country of origin of the emerald: Zambia<br \/>\nThis product is rhodium plated.<\/p>\n<p>&nbsp;<\/p>\n<p><strong>Important<\/strong>: The ring size chart can be found in the product gallery. Please provide the selected size in the order notes text field.<\/p>\n<p>&nbsp;<\/p>\n<p><span style=\"font-size: 10px;\">*Because of the technique and conditions of taking pictures, the actual appearance of the product, including color, may differ from the one presented in the picture.<br \/>\n<\/span><span style=\"font-size: 10px;\">* Please allow 30 days for production.<\/span><\/p>\n","protected":false},"featured_media":18671,"comment_status":"closed","ping_status":"closed","template":"","meta":[],"product_cat":[297,268,174,175],"product_tag":[185,266,238],"yoast_head":"<!-- This site is optimized with the Yoast SEO plugin v21.4 - https:\/\/yoast.com\/wordpress\/plugins\/seo\/ -->\n<title>Serpens Emerald Ring Yellow\/White | Tilsam Jewelry<\/title>\n<meta name=\"description\" content=\"Serpens Emerald Ring Yellow\/White - Oryginalna, z\u0142ota, r\u0119cznie robiona bi\u017cuteria z kamieniami szlachetnymi.\" \/>\n<meta name=\"robots\" content=\"index, follow, max-snippet:-1, max-image-preview:large, max-video-preview:-1\" \/>\n<link rel=\"canonical\" href=\"https:\/\/tilsamjewelry.com\/en\/produkt\/serpens-emerald-ring-yellow-white\/\" \/>\n<meta property=\"og:locale\" content=\"en_US\" \/>\n<meta property=\"og:type\" content=\"article\" \/>\n<meta property=\"og:title\" content=\"Serpens Emerald Ring Yellow\/White | Tilsam Jewelry\" \/>\n<meta property=\"og:description\" content=\"Serpens Emerald Ring Yellow\/White - Oryginalna, z\u0142ota, r\u0119cznie robiona bi\u017cuteria z kamieniami szlachetnymi.\" \/>\n<meta property=\"og:url\" content=\"https:\/\/tilsamjewelry.com\/en\/produkt\/serpens-emerald-ring-yellow-white\/\" \/>\n<meta property=\"og:site_name\" content=\"Tilsam\" \/>\n<meta property=\"article:modified_time\" content=\"2023-11-30T10:14:45+00:00\" \/>\n<meta property=\"og:image\" content=\"https:\/\/tilsamjewelry.com\/wp-content\/uploads\/2023\/11\/ring-snake-front.jpg\" \/>\n\t<meta property=\"og:image:width\" content=\"2442\" \/>\n\t<meta property=\"og:image:height\" content=\"2442\" \/>\n\t<meta property=\"og:image:type\" content=\"image\/jpeg\" \/>\n<meta name=\"twitter:card\" content=\"summary_large_image\" \/>\n<meta name=\"twitter:label1\" content=\"Est. reading time\" \/>\n\t<meta name=\"twitter:data1\" content=\"1 minute\" \/>\n<script type=\"application\/ld+json\" class=\"yoast-schema-graph\">{\"@context\":\"https:\/\/schema.org\",\"@graph\":[{\"@type\":\"WebPage\",\"@id\":\"https:\/\/tilsamjewelry.com\/en\/produkt\/serpens-emerald-ring-yellow-white\/\",\"url\":\"https:\/\/tilsamjewelry.com\/en\/produkt\/serpens-emerald-ring-yellow-white\/\",\"name\":\"Serpens Emerald Ring Yellow\/White | Tilsam Jewelry\",\"isPartOf\":{\"@id\":\"https:\/\/tilsamjewelry.com\/#website\"},\"datePublished\":\"2023-11-29T19:26:38+00:00\",\"dateModified\":\"2023-11-30T10:14:45+00:00\",\"description\":\"Serpens Emerald Ring Yellow\/White - Oryginalna, z\u0142ota, r\u0119cznie robiona bi\u017cuteria z kamieniami szlachetnymi.\",\"breadcrumb\":{\"@id\":\"https:\/\/tilsamjewelry.com\/en\/produkt\/serpens-emerald-ring-yellow-white\/#breadcrumb\"},\"inLanguage\":\"en-US\",\"potentialAction\":[{\"@type\":\"ReadAction\",\"target\":[\"https:\/\/tilsamjewelry.com\/en\/produkt\/serpens-emerald-ring-yellow-white\/\"]}]},{\"@type\":\"BreadcrumbList\",\"@id\":\"https:\/\/tilsamjewelry.com\/en\/produkt\/serpens-emerald-ring-yellow-white\/#breadcrumb\",\"itemListElement\":[{\"@type\":\"ListItem\",\"position\":1,\"name\":\"Strona g\u0142\u00f3wna\",\"item\":\"https:\/\/tilsamjewelry.com\/\"},{\"@type\":\"ListItem\",\"position\":2,\"name\":\"Shop\",\"item\":\"https:\/\/tilsamjewelry.com\/shop\/\"},{\"@type\":\"ListItem\",\"position\":3,\"name\":\"Serpens Emerald Ring Yellow\/White\"}]},{\"@type\":\"WebSite\",\"@id\":\"https:\/\/tilsamjewelry.com\/#website\",\"url\":\"https:\/\/tilsamjewelry.com\/\",\"name\":\"Tilsam\",\"description\":\"Kolejna witryna WordPress\",\"publisher\":{\"@id\":\"https:\/\/tilsamjewelry.com\/#organization\"},\"potentialAction\":[{\"@type\":\"SearchAction\",\"target\":{\"@type\":\"EntryPoint\",\"urlTemplate\":\"https:\/\/tilsamjewelry.com\/?s={search_term_string}\"},\"query-input\":\"required name=search_term_string\"}],\"inLanguage\":\"en-US\"},{\"@type\":\"Organization\",\"@id\":\"https:\/\/tilsamjewelry.com\/#organization\",\"name\":\"Tilsam | Oryginalna, z\u0142ota, r\u0119cznie robiona bi\u017cuteria z kamieniami szlachetnymi.\",\"url\":\"https:\/\/tilsamjewelry.com\/\",\"logo\":{\"@type\":\"ImageObject\",\"inLanguage\":\"en-US\",\"@id\":\"https:\/\/tilsamjewelry.com\/#\/schema\/logo\/image\/\",\"url\":\"https:\/\/tilsamjewelry.com\/wp-content\/uploads\/2022\/02\/Tilsam_logo_OK-2.png\",\"contentUrl\":\"https:\/\/tilsamjewelry.com\/wp-content\/uploads\/2022\/02\/Tilsam_logo_OK-2.png\",\"width\":600,\"height\":183,\"caption\":\"Tilsam | Oryginalna, z\u0142ota, r\u0119cznie robiona bi\u017cuteria z kamieniami szlachetnymi.\"},\"image\":{\"@id\":\"https:\/\/tilsamjewelry.com\/#\/schema\/logo\/image\/\"}}]}<\/script>\n<!-- \/ Yoast SEO plugin. -->","yoast_head_json":{"title":"Serpens Emerald Ring Yellow\/White | Tilsam Jewelry","description":"Serpens Emerald Ring Yellow\/White - Oryginalna, z\u0142ota, r\u0119cznie robiona bi\u017cuteria z kamieniami szlachetnymi.","robots":{"index":"index","follow":"follow","max-snippet":"max-snippet:-1","max-image-preview":"max-image-preview:large","max-video-preview":"max-video-preview:-1"},"canonical":"https:\/\/tilsamjewelry.com\/en\/produkt\/serpens-emerald-ring-yellow-white\/","og_locale":"en_US","og_type":"article","og_title":"Serpens Emerald Ring Yellow\/White | Tilsam Jewelry","og_description":"Serpens Emerald Ring Yellow\/White - Oryginalna, z\u0142ota, r\u0119cznie robiona bi\u017cuteria z kamieniami szlachetnymi.","og_url":"https:\/\/tilsamjewelry.com\/en\/produkt\/serpens-emerald-ring-yellow-white\/","og_site_name":"Tilsam","article_modified_time":"2023-11-30T10:14:45+00:00","og_image":[{"width":2442,"height":2442,"url":"https:\/\/tilsamjewelry.com\/wp-content\/uploads\/2023\/11\/ring-snake-front.jpg","type":"image\/jpeg"}],"twitter_card":"summary_large_image","twitter_misc":{"Est. reading time":"1 minute"},"schema":{"@context":"https:\/\/schema.org","@graph":[{"@type":"WebPage","@id":"https:\/\/tilsamjewelry.com\/en\/produkt\/serpens-emerald-ring-yellow-white\/","url":"https:\/\/tilsamjewelry.com\/en\/produkt\/serpens-emerald-ring-yellow-white\/","name":"Serpens Emerald Ring Yellow\/White | Tilsam Jewelry","isPartOf":{"@id":"https:\/\/tilsamjewelry.com\/#website"},"datePublished":"2023-11-29T19:26:38+00:00","dateModified":"2023-11-30T10:14:45+00:00","description":"Serpens Emerald Ring Yellow\/White - Oryginalna, z\u0142ota, r\u0119cznie robiona bi\u017cuteria z kamieniami szlachetnymi.","breadcrumb":{"@id":"https:\/\/tilsamjewelry.com\/en\/produkt\/serpens-emerald-ring-yellow-white\/#breadcrumb"},"inLanguage":"en-US","potentialAction":[{"@type":"ReadAction","target":["https:\/\/tilsamjewelry.com\/en\/produkt\/serpens-emerald-ring-yellow-white\/"]}]},{"@type":"BreadcrumbList","@id":"https:\/\/tilsamjewelry.com\/en\/produkt\/serpens-emerald-ring-yellow-white\/#breadcrumb","itemListElement":[{"@type":"ListItem","position":1,"name":"Strona g\u0142\u00f3wna","item":"https:\/\/tilsamjewelry.com\/"},{"@type":"ListItem","position":2,"name":"Shop","item":"https:\/\/tilsamjewelry.com\/shop\/"},{"@type":"ListItem","position":3,"name":"Serpens Emerald Ring Yellow\/White"}]},{"@type":"WebSite","@id":"https:\/\/tilsamjewelry.com\/#website","url":"https:\/\/tilsamjewelry.com\/","name":"Tilsam","description":"Kolejna witryna WordPress","publisher":{"@id":"https:\/\/tilsamjewelry.com\/#organization"},"potentialAction":[{"@type":"SearchAction","target":{"@type":"EntryPoint","urlTemplate":"https:\/\/tilsamjewelry.com\/?s={search_term_string}"},"query-input":"required name=search_term_string"}],"inLanguage":"en-US"},{"@type":"Organization","@id":"https:\/\/tilsamjewelry.com\/#organization","name":"Tilsam | Oryginalna, z\u0142ota, r\u0119cznie robiona bi\u017cuteria z kamieniami szlachetnymi.","url":"https:\/\/tilsamjewelry.com\/","logo":{"@type":"ImageObject","inLanguage":"en-US","@id":"https:\/\/tilsamjewelry.com\/#\/schema\/logo\/image\/","url":"https:\/\/tilsamjewelry.com\/wp-content\/uploads\/2022\/02\/Tilsam_logo_OK-2.png","contentUrl":"https:\/\/tilsamjewelry.com\/wp-content\/uploads\/2022\/02\/Tilsam_logo_OK-2.png","width":600,"height":183,"caption":"Tilsam | Oryginalna, z\u0142ota, r\u0119cznie robiona bi\u017cuteria z kamieniami szlachetnymi."},"image":{"@id":"https:\/\/tilsamjewelry.com\/#\/schema\/logo\/image\/"}}]}},"_links":{"self":[{"href":"https:\/\/tilsamjewelry.com\/en\/wp-json\/wp\/v2\/product\/18679"}],"collection":[{"href":"https:\/\/tilsamjewelry.com\/en\/wp-json\/wp\/v2\/product"}],"about":[{"href":"https:\/\/tilsamjewelry.com\/en\/wp-json\/wp\/v2\/types\/product"}],"replies":[{"embeddable":true,"href":"https:\/\/tilsamjewelry.com\/en\/wp-json\/wp\/v2\/comments?post=18679"}],"wp:featuredmedia":[{"embeddable":true,"href":"https:\/\/tilsamjewelry.com\/en\/wp-json\/wp\/v2\/media\/18671"}],"wp:attachment":[{"href":"https:\/\/tilsamjewelry.com\/en\/wp-json\/wp\/v2\/media?parent=18679"}],"wp:term":[{"taxonomy":"product_cat","embeddable":true,"href":"https:\/\/tilsamjewelry.com\/en\/wp-json\/wp\/v2\/product_cat?post=18679"},{"taxonomy":"product_tag","embeddable":true,"href":"https:\/\/tilsamjewelry.com\/en\/wp-json\/wp\/v2\/product_tag?post=18679"}],"curies":[{"name":"wp","href":"https:\/\/api.w.org\/{rel}","templated":true}]}}