{"id":18623,"date":"2023-10-19T16:40:25","date_gmt":"2023-10-19T16:40:25","guid":{"rendered":"https:\/\/tilsamjewelry.com\/?post_type=product&#038;p=18623"},"modified":"2023-10-19T16:40:26","modified_gmt":"2023-10-19T16:40:26","slug":"goddess-mini-tear-moonstone-single-earring-yellow-white","status":"publish","type":"product","link":"https:\/\/tilsamjewelry.com\/en\/produkt\/goddess-mini-tear-moonstone-single-earring-yellow-white\/","title":{"rendered":"Goddess Mini Tear Moonstone Single Earring (Yellow\/White)"},"content":{"rendered":"<p><strong>Connect to your inner Goddess.<\/strong><br \/>\nYour Inner Goddess impersonates your feminine energy.<br \/>\nConnecting to your Inner Goddess is about connecting to the world of your values, vision, purpose, passion and all of the beautiful things that contribute to your life.<\/p>\n<p>Once you do not fully express your truth or honor your feelings &#8211; your Inner Goddess cries.<\/p>\n<p>&nbsp;<\/p>\n<p><strong>A small tear is still a tear. <\/strong><\/p>\n<p>Live in harmony with yourself in both big and small things. Even small annoyances can hurt us badly &#8211; especially when they accumulate.<br \/>\nMini Tear will always remind you to be true to what you feel.<\/p>\n<p><span style=\"font-size: 14px;\"><strong style=\"text-align: center;\"><br \/>\nMoonstone &#8211; gem of femine energy<\/strong><\/span><\/p>\n<p style=\"text-align: justify;\">Legend has it that being close to a person, the Moonstone is able to illuminate his path with its radiance and lead him out of the darkness, towards the light .<\/p>\n<p style=\"text-align: justify;\">The stone\u2019s energy, through the influence of the phases of the moon, is able to merge with the inner Goddess, or sensual feminine energy. Thanks to this connection, wearing this stone we become more desirable, feminine and sensual.<\/p>\n<p style=\"text-align: justify;\">The Moonstone, in itself, has an extremely high vibration. Working with this crystal and its high frequency allows you to reach a higher state of consciousness, helping you discover the path of your destiny.<\/p>\n<p><strong>Diamonds <\/strong><\/p>\n<p style=\"text-align: justify;\">Asymetrical Diamonds symbolize stars.<br \/>\nThe same bio-elements that make up chemical compounds are found in both stars and the human body &#8211; You are a child of Universe.<br \/>\nYou can learn more about the gem&#8217;s properties in the <a href=\"https:\/\/tilsamjewelry.com\/litoterapia\/\">Lithotherapy<\/a>section.<\/p>\n<p>Goddess Tear is a registered industrial design, protected by the European Union law.<\/p>\n<p>Find out <a href=\"https:\/\/tilsamjewelry.com\/jak-dbac-o-bizuterie-tilsam\/\">how to take care of our Tilsams.<\/a><\/p>\n","protected":false},"excerpt":{"rendered":"<p>Single earring with moonstone and diamonds and Signature Rhodium Touch<br \/>\nGem type: Moonstone<br \/>\nMoonstone Size: 8mm x 6mm<br \/>\nDiamond weight: 0.07 ct<br \/>\nNumber of diamonds: 4<br \/>\nGold Weight: 2g (14k)<\/p>\n<p>Gem country of origin: Sri Lanka<br \/>\nNote!: The product is sold individually. You must purchase 2 products to get the set.<\/p>\n<p>&nbsp;<\/p>\n<p><span style=\"font-size: 10px;\">*Because of the technique and conditions of taking pictures, the actual appearance of the product, including color, may differ from the one presented in the picture.<br \/>\n<\/span><span style=\"font-size: 10px;\">* Please allow 30 days for production.<\/span><\/p>\n","protected":false},"featured_media":17997,"comment_status":"closed","ping_status":"closed","template":"","meta":[],"product_cat":[283,236,175,172,168],"product_tag":[261,282,227],"yoast_head":"<!-- This site is optimized with the Yoast SEO plugin v21.4 - https:\/\/yoast.com\/wordpress\/plugins\/seo\/ -->\n<title>Goddess Mini Tear Moonstone Single Earring (Yellow\/White) | Tilsam Jewelry<\/title>\n<meta name=\"description\" content=\"Goddess Mini Tear Moonstone Single Earring (Yellow\/White) - Oryginalna, z\u0142ota, r\u0119cznie robiona bi\u017cuteria z kamieniami szlachetnymi.\" \/>\n<meta name=\"robots\" content=\"index, follow, max-snippet:-1, max-image-preview:large, max-video-preview:-1\" \/>\n<link rel=\"canonical\" href=\"https:\/\/tilsamjewelry.com\/en\/produkt\/goddess-mini-tear-moonstone-single-earring-yellow-white\/\" \/>\n<meta property=\"og:locale\" content=\"en_US\" \/>\n<meta property=\"og:type\" content=\"article\" \/>\n<meta property=\"og:title\" content=\"Goddess Mini Tear Moonstone Single Earring (Yellow\/White) | Tilsam Jewelry\" \/>\n<meta property=\"og:description\" content=\"Goddess Mini Tear Moonstone Single Earring (Yellow\/White) - Oryginalna, z\u0142ota, r\u0119cznie robiona bi\u017cuteria z kamieniami szlachetnymi.\" \/>\n<meta property=\"og:url\" content=\"https:\/\/tilsamjewelry.com\/en\/produkt\/goddess-mini-tear-moonstone-single-earring-yellow-white\/\" \/>\n<meta property=\"og:site_name\" content=\"Tilsam\" \/>\n<meta property=\"article:modified_time\" content=\"2023-10-19T16:40:26+00:00\" \/>\n<meta property=\"og:image\" content=\"https:\/\/tilsamjewelry.com\/wp-content\/uploads\/2023\/05\/IMG_7156.jpg\" \/>\n\t<meta property=\"og:image:width\" content=\"1284\" \/>\n\t<meta property=\"og:image:height\" content=\"1245\" \/>\n\t<meta property=\"og:image:type\" content=\"image\/jpeg\" \/>\n<meta name=\"twitter:card\" content=\"summary_large_image\" \/>\n<meta name=\"twitter:label1\" content=\"Est. reading time\" \/>\n\t<meta name=\"twitter:data1\" content=\"1 minute\" \/>\n<script type=\"application\/ld+json\" class=\"yoast-schema-graph\">{\"@context\":\"https:\/\/schema.org\",\"@graph\":[{\"@type\":\"WebPage\",\"@id\":\"https:\/\/tilsamjewelry.com\/en\/produkt\/goddess-mini-tear-moonstone-single-earring-yellow-white\/\",\"url\":\"https:\/\/tilsamjewelry.com\/en\/produkt\/goddess-mini-tear-moonstone-single-earring-yellow-white\/\",\"name\":\"Goddess Mini Tear Moonstone Single Earring (Yellow\/White) | Tilsam Jewelry\",\"isPartOf\":{\"@id\":\"https:\/\/tilsamjewelry.com\/#website\"},\"datePublished\":\"2023-10-19T16:40:25+00:00\",\"dateModified\":\"2023-10-19T16:40:26+00:00\",\"description\":\"Goddess Mini Tear Moonstone Single Earring (Yellow\/White) - Oryginalna, z\u0142ota, r\u0119cznie robiona bi\u017cuteria z kamieniami szlachetnymi.\",\"breadcrumb\":{\"@id\":\"https:\/\/tilsamjewelry.com\/en\/produkt\/goddess-mini-tear-moonstone-single-earring-yellow-white\/#breadcrumb\"},\"inLanguage\":\"en-US\",\"potentialAction\":[{\"@type\":\"ReadAction\",\"target\":[\"https:\/\/tilsamjewelry.com\/en\/produkt\/goddess-mini-tear-moonstone-single-earring-yellow-white\/\"]}]},{\"@type\":\"BreadcrumbList\",\"@id\":\"https:\/\/tilsamjewelry.com\/en\/produkt\/goddess-mini-tear-moonstone-single-earring-yellow-white\/#breadcrumb\",\"itemListElement\":[{\"@type\":\"ListItem\",\"position\":1,\"name\":\"Strona g\u0142\u00f3wna\",\"item\":\"https:\/\/tilsamjewelry.com\/\"},{\"@type\":\"ListItem\",\"position\":2,\"name\":\"Shop\",\"item\":\"https:\/\/tilsamjewelry.com\/shop\/\"},{\"@type\":\"ListItem\",\"position\":3,\"name\":\"Goddess Mini Tear Moonstone Single Earring (Yellow\/White)\"}]},{\"@type\":\"WebSite\",\"@id\":\"https:\/\/tilsamjewelry.com\/#website\",\"url\":\"https:\/\/tilsamjewelry.com\/\",\"name\":\"Tilsam\",\"description\":\"Kolejna witryna WordPress\",\"publisher\":{\"@id\":\"https:\/\/tilsamjewelry.com\/#organization\"},\"potentialAction\":[{\"@type\":\"SearchAction\",\"target\":{\"@type\":\"EntryPoint\",\"urlTemplate\":\"https:\/\/tilsamjewelry.com\/?s={search_term_string}\"},\"query-input\":\"required name=search_term_string\"}],\"inLanguage\":\"en-US\"},{\"@type\":\"Organization\",\"@id\":\"https:\/\/tilsamjewelry.com\/#organization\",\"name\":\"Tilsam | Oryginalna, z\u0142ota, r\u0119cznie robiona bi\u017cuteria z kamieniami szlachetnymi.\",\"url\":\"https:\/\/tilsamjewelry.com\/\",\"logo\":{\"@type\":\"ImageObject\",\"inLanguage\":\"en-US\",\"@id\":\"https:\/\/tilsamjewelry.com\/#\/schema\/logo\/image\/\",\"url\":\"https:\/\/tilsamjewelry.com\/wp-content\/uploads\/2022\/02\/Tilsam_logo_OK-2.png\",\"contentUrl\":\"https:\/\/tilsamjewelry.com\/wp-content\/uploads\/2022\/02\/Tilsam_logo_OK-2.png\",\"width\":600,\"height\":183,\"caption\":\"Tilsam | Oryginalna, z\u0142ota, r\u0119cznie robiona bi\u017cuteria z kamieniami szlachetnymi.\"},\"image\":{\"@id\":\"https:\/\/tilsamjewelry.com\/#\/schema\/logo\/image\/\"}}]}<\/script>\n<!-- \/ Yoast SEO plugin. -->","yoast_head_json":{"title":"Goddess Mini Tear Moonstone Single Earring (Yellow\/White) | Tilsam Jewelry","description":"Goddess Mini Tear Moonstone Single Earring (Yellow\/White) - Oryginalna, z\u0142ota, r\u0119cznie robiona bi\u017cuteria z kamieniami szlachetnymi.","robots":{"index":"index","follow":"follow","max-snippet":"max-snippet:-1","max-image-preview":"max-image-preview:large","max-video-preview":"max-video-preview:-1"},"canonical":"https:\/\/tilsamjewelry.com\/en\/produkt\/goddess-mini-tear-moonstone-single-earring-yellow-white\/","og_locale":"en_US","og_type":"article","og_title":"Goddess Mini Tear Moonstone Single Earring (Yellow\/White) | Tilsam Jewelry","og_description":"Goddess Mini Tear Moonstone Single Earring (Yellow\/White) - Oryginalna, z\u0142ota, r\u0119cznie robiona bi\u017cuteria z kamieniami szlachetnymi.","og_url":"https:\/\/tilsamjewelry.com\/en\/produkt\/goddess-mini-tear-moonstone-single-earring-yellow-white\/","og_site_name":"Tilsam","article_modified_time":"2023-10-19T16:40:26+00:00","og_image":[{"width":1284,"height":1245,"url":"https:\/\/tilsamjewelry.com\/wp-content\/uploads\/2023\/05\/IMG_7156.jpg","type":"image\/jpeg"}],"twitter_card":"summary_large_image","twitter_misc":{"Est. reading time":"1 minute"},"schema":{"@context":"https:\/\/schema.org","@graph":[{"@type":"WebPage","@id":"https:\/\/tilsamjewelry.com\/en\/produkt\/goddess-mini-tear-moonstone-single-earring-yellow-white\/","url":"https:\/\/tilsamjewelry.com\/en\/produkt\/goddess-mini-tear-moonstone-single-earring-yellow-white\/","name":"Goddess Mini Tear Moonstone Single Earring (Yellow\/White) | Tilsam Jewelry","isPartOf":{"@id":"https:\/\/tilsamjewelry.com\/#website"},"datePublished":"2023-10-19T16:40:25+00:00","dateModified":"2023-10-19T16:40:26+00:00","description":"Goddess Mini Tear Moonstone Single Earring (Yellow\/White) - Oryginalna, z\u0142ota, r\u0119cznie robiona bi\u017cuteria z kamieniami szlachetnymi.","breadcrumb":{"@id":"https:\/\/tilsamjewelry.com\/en\/produkt\/goddess-mini-tear-moonstone-single-earring-yellow-white\/#breadcrumb"},"inLanguage":"en-US","potentialAction":[{"@type":"ReadAction","target":["https:\/\/tilsamjewelry.com\/en\/produkt\/goddess-mini-tear-moonstone-single-earring-yellow-white\/"]}]},{"@type":"BreadcrumbList","@id":"https:\/\/tilsamjewelry.com\/en\/produkt\/goddess-mini-tear-moonstone-single-earring-yellow-white\/#breadcrumb","itemListElement":[{"@type":"ListItem","position":1,"name":"Strona g\u0142\u00f3wna","item":"https:\/\/tilsamjewelry.com\/"},{"@type":"ListItem","position":2,"name":"Shop","item":"https:\/\/tilsamjewelry.com\/shop\/"},{"@type":"ListItem","position":3,"name":"Goddess Mini Tear Moonstone Single Earring (Yellow\/White)"}]},{"@type":"WebSite","@id":"https:\/\/tilsamjewelry.com\/#website","url":"https:\/\/tilsamjewelry.com\/","name":"Tilsam","description":"Kolejna witryna WordPress","publisher":{"@id":"https:\/\/tilsamjewelry.com\/#organization"},"potentialAction":[{"@type":"SearchAction","target":{"@type":"EntryPoint","urlTemplate":"https:\/\/tilsamjewelry.com\/?s={search_term_string}"},"query-input":"required name=search_term_string"}],"inLanguage":"en-US"},{"@type":"Organization","@id":"https:\/\/tilsamjewelry.com\/#organization","name":"Tilsam | Oryginalna, z\u0142ota, r\u0119cznie robiona bi\u017cuteria z kamieniami szlachetnymi.","url":"https:\/\/tilsamjewelry.com\/","logo":{"@type":"ImageObject","inLanguage":"en-US","@id":"https:\/\/tilsamjewelry.com\/#\/schema\/logo\/image\/","url":"https:\/\/tilsamjewelry.com\/wp-content\/uploads\/2022\/02\/Tilsam_logo_OK-2.png","contentUrl":"https:\/\/tilsamjewelry.com\/wp-content\/uploads\/2022\/02\/Tilsam_logo_OK-2.png","width":600,"height":183,"caption":"Tilsam | Oryginalna, z\u0142ota, r\u0119cznie robiona bi\u017cuteria z kamieniami szlachetnymi."},"image":{"@id":"https:\/\/tilsamjewelry.com\/#\/schema\/logo\/image\/"}}]}},"_links":{"self":[{"href":"https:\/\/tilsamjewelry.com\/en\/wp-json\/wp\/v2\/product\/18623"}],"collection":[{"href":"https:\/\/tilsamjewelry.com\/en\/wp-json\/wp\/v2\/product"}],"about":[{"href":"https:\/\/tilsamjewelry.com\/en\/wp-json\/wp\/v2\/types\/product"}],"replies":[{"embeddable":true,"href":"https:\/\/tilsamjewelry.com\/en\/wp-json\/wp\/v2\/comments?post=18623"}],"wp:featuredmedia":[{"embeddable":true,"href":"https:\/\/tilsamjewelry.com\/en\/wp-json\/wp\/v2\/media\/17997"}],"wp:attachment":[{"href":"https:\/\/tilsamjewelry.com\/en\/wp-json\/wp\/v2\/media?parent=18623"}],"wp:term":[{"taxonomy":"product_cat","embeddable":true,"href":"https:\/\/tilsamjewelry.com\/en\/wp-json\/wp\/v2\/product_cat?post=18623"},{"taxonomy":"product_tag","embeddable":true,"href":"https:\/\/tilsamjewelry.com\/en\/wp-json\/wp\/v2\/product_tag?post=18623"}],"curies":[{"name":"wp","href":"https:\/\/api.w.org\/{rel}","templated":true}]}}