{"id":18041,"date":"2023-08-29T18:14:25","date_gmt":"2023-08-29T18:14:25","guid":{"rendered":"https:\/\/tilsamjewelry.com\/?post_type=product&#038;p=18041"},"modified":"2023-08-29T18:42:22","modified_gmt":"2023-08-29T18:42:22","slug":"planet-ring","status":"publish","type":"product","link":"https:\/\/tilsamjewelry.com\/en\/produkt\/planet-ring\/","title":{"rendered":"Planet Ring"},"content":{"rendered":"<p class=\"gwpb4a0018b_p1\"><span class=\"gwpb4a0018b_s1\">Find\u00a0<span class=\"gwpb4a0018b_Apple-converted-space\">\u00a0<\/span>your Center\u00a0<\/span><\/p>\n<p class=\"gwpb4a0018b_p1\"><span class=\"gwpb4a0018b_s1\">Did you know that every finger in your hand is connected to a planet?<\/span><\/p>\n<p class=\"gwpb4a0018b_p1\"><span class=\"gwpb4a0018b_s1\">The thumb is connected to Mars.<br \/>\nIndex finger is connected to Jupiter.<br \/>\n<\/span><span class=\"gwpb4a0018b_s1\">The middle finger is connected to Saturn.<br \/>\n<\/span><span class=\"gwpb4a0018b_s1\">The ring finger is connected to the Sun.<br \/>\n<\/span><span style=\"font-size: 1rem;\">The little finger is connected to Mercury.\u00a0<\/span><\/p>\n<p class=\"gwpb4a0018b_p1\"><span class=\"gwpb4a0018b_s1\">Those Planets are to help you centering yourself.\u00a0<\/span><\/p>\n<p class=\"gwpb4a0018b_p1\"><span class=\"gwpb4a0018b_s1\">Centering usually refers to our mental and physical state of mind. It\u2019s the place we know we have to get back to when we\u2019re not feeling like ourselves. When we\u2019re not centered, we might feel lost or out of touch with ourselves. When we center ourselves, we bring calm to our emotions. We do so by slowing down our breathing so that we \u201cfeel\u201d more of what\u2019s going on around us. Becoming centered is a way to find peace within the chaos that might be surrounding us.<\/span><\/p>\n<p class=\"gwpb4a0018b_p1\"><span class=\"gwpb4a0018b_s1\">Your center is the values \u200b\u200bthat create you and which remain unchanged in your life.<\/span><\/p>\n<p class=\"gwpb4a0018b_p1\"><em><span class=\"gwpb4a0018b_s1\">\u201eMy Ring is just a reminder- Find your center.\u201d<br \/>\nKarolina<\/span><\/em><\/p>\n<p><span style=\"font-size: 14px;\"><strong style=\"text-align: center;\">Moonstone &#8211; gem of femine energy<\/strong><\/span><\/p>\n<p style=\"text-align: justify;\">Legend has it that being close to a person, the Moonstone is able to illuminate his path with its radiance and lead him out of the darkness, towards the light .<\/p>\n<p style=\"text-align: justify;\">The stone\u2019s energy, through the influence of the phases of the moon, is able to merge with the inner Goddess, or sensual feminine energy. Thanks to this connection, wearing this stone we become more desirable, feminine and sensual.<\/p>\n<p style=\"text-align: justify;\">The Moonstone, in itself, has an extremely high vibration. Working with this crystal and its high frequency allows you to reach a higher state of consciousness, helping you discover the path of your destiny.<\/p>\n<p><strong>Diamonds <\/strong><\/p>\n<p style=\"text-align: justify;\">Asymetrical Diamonds symbolize stars.<br \/>\nThe same bio-elements that make up chemical compounds are found in both stars and the human body &#8211; You are a child of Universe.<\/p>\n<p style=\"text-align: justify;\">You can learn more about the gem&#8217;s properties in the <a href=\"https:\/\/tilsamjewelry.com\/en\/lithotherapy\/\">Lithotherapy <\/a>section.<\/p>\n<p>Planet Ring\u00a0 is a registered industrial design, protected by the European Union law.<\/p>\n<p>Find out <a href=\"https:\/\/tilsamjewelry.com\/en\/how-to-care-for-tilsam-jewelry\/\">how to take care of our Tilsams.<\/a><\/p>\n","protected":false},"excerpt":{"rendered":"<p>Ring with Moonstone and Diamonds.<br \/>\nGem type: Moonstone<br \/>\nDiamonds Weight: 0,07 ct<br \/>\nNumber of diamonds: 2<br \/>\nGold Weight: 2,5 g (14 k)<br \/>\nGem country of origin: Sri Lanka<\/p>\n<p><strong>Important:<\/strong> The ring size chart can be found in the product gallery. Please provide the selected size in the order notes text field.<\/p>\n<p><span style=\"font-size: 10px;\">*Because of the technique and conditions of taking pictures, the actual appearance of the product, including color, may differ from the one presented in the picture.<br \/>\n<\/span><span style=\"font-size: 10px;\">* Please allow 30 days for production.<\/span><\/p>\n","protected":false},"featured_media":18038,"comment_status":"closed","ping_status":"closed","template":"","meta":[],"product_cat":[236,175,177],"product_tag":[237,238],"yoast_head":"<!-- This site is optimized with the Yoast SEO plugin v21.4 - https:\/\/yoast.com\/wordpress\/plugins\/seo\/ -->\n<title>Planet Ring | Tilsam Jewelry<\/title>\n<meta name=\"description\" content=\"Planet Ring - Oryginalna, z\u0142ota, r\u0119cznie robiona bi\u017cuteria z kamieniami szlachetnymi.\" \/>\n<meta name=\"robots\" content=\"index, follow, max-snippet:-1, max-image-preview:large, max-video-preview:-1\" \/>\n<link rel=\"canonical\" href=\"https:\/\/tilsamjewelry.com\/en\/produkt\/planet-ring\/\" \/>\n<meta property=\"og:locale\" content=\"en_US\" \/>\n<meta property=\"og:type\" content=\"article\" \/>\n<meta property=\"og:title\" content=\"Planet Ring | Tilsam Jewelry\" \/>\n<meta property=\"og:description\" content=\"Planet Ring - Oryginalna, z\u0142ota, r\u0119cznie robiona bi\u017cuteria z kamieniami szlachetnymi.\" \/>\n<meta property=\"og:url\" content=\"https:\/\/tilsamjewelry.com\/en\/produkt\/planet-ring\/\" \/>\n<meta property=\"og:site_name\" content=\"Tilsam\" \/>\n<meta property=\"article:modified_time\" content=\"2023-08-29T18:42:22+00:00\" \/>\n<meta property=\"og:image\" content=\"https:\/\/tilsamjewelry.com\/wp-content\/uploads\/2023\/08\/piers_cionek-Planeta-scaled.jpg\" \/>\n\t<meta property=\"og:image:width\" content=\"2560\" \/>\n\t<meta property=\"og:image:height\" content=\"2560\" \/>\n\t<meta property=\"og:image:type\" content=\"image\/jpeg\" \/>\n<meta name=\"twitter:card\" content=\"summary_large_image\" \/>\n<meta name=\"twitter:label1\" content=\"Est. reading time\" \/>\n\t<meta name=\"twitter:data1\" content=\"3 minutes\" \/>\n<script type=\"application\/ld+json\" class=\"yoast-schema-graph\">{\"@context\":\"https:\/\/schema.org\",\"@graph\":[{\"@type\":\"WebPage\",\"@id\":\"https:\/\/tilsamjewelry.com\/en\/produkt\/planet-ring\/\",\"url\":\"https:\/\/tilsamjewelry.com\/en\/produkt\/planet-ring\/\",\"name\":\"Planet Ring | Tilsam Jewelry\",\"isPartOf\":{\"@id\":\"https:\/\/tilsamjewelry.com\/#website\"},\"datePublished\":\"2023-08-29T18:14:25+00:00\",\"dateModified\":\"2023-08-29T18:42:22+00:00\",\"description\":\"Planet Ring - Oryginalna, z\u0142ota, r\u0119cznie robiona bi\u017cuteria z kamieniami szlachetnymi.\",\"breadcrumb\":{\"@id\":\"https:\/\/tilsamjewelry.com\/en\/produkt\/planet-ring\/#breadcrumb\"},\"inLanguage\":\"en-US\",\"potentialAction\":[{\"@type\":\"ReadAction\",\"target\":[\"https:\/\/tilsamjewelry.com\/en\/produkt\/planet-ring\/\"]}]},{\"@type\":\"BreadcrumbList\",\"@id\":\"https:\/\/tilsamjewelry.com\/en\/produkt\/planet-ring\/#breadcrumb\",\"itemListElement\":[{\"@type\":\"ListItem\",\"position\":1,\"name\":\"Strona g\u0142\u00f3wna\",\"item\":\"https:\/\/tilsamjewelry.com\/\"},{\"@type\":\"ListItem\",\"position\":2,\"name\":\"Shop\",\"item\":\"https:\/\/tilsamjewelry.com\/shop\/\"},{\"@type\":\"ListItem\",\"position\":3,\"name\":\"Planet Ring\"}]},{\"@type\":\"WebSite\",\"@id\":\"https:\/\/tilsamjewelry.com\/#website\",\"url\":\"https:\/\/tilsamjewelry.com\/\",\"name\":\"Tilsam\",\"description\":\"Kolejna witryna WordPress\",\"publisher\":{\"@id\":\"https:\/\/tilsamjewelry.com\/#organization\"},\"potentialAction\":[{\"@type\":\"SearchAction\",\"target\":{\"@type\":\"EntryPoint\",\"urlTemplate\":\"https:\/\/tilsamjewelry.com\/?s={search_term_string}\"},\"query-input\":\"required name=search_term_string\"}],\"inLanguage\":\"en-US\"},{\"@type\":\"Organization\",\"@id\":\"https:\/\/tilsamjewelry.com\/#organization\",\"name\":\"Tilsam | Oryginalna, z\u0142ota, r\u0119cznie robiona bi\u017cuteria z kamieniami szlachetnymi.\",\"url\":\"https:\/\/tilsamjewelry.com\/\",\"logo\":{\"@type\":\"ImageObject\",\"inLanguage\":\"en-US\",\"@id\":\"https:\/\/tilsamjewelry.com\/#\/schema\/logo\/image\/\",\"url\":\"https:\/\/tilsamjewelry.com\/wp-content\/uploads\/2022\/02\/Tilsam_logo_OK-2.png\",\"contentUrl\":\"https:\/\/tilsamjewelry.com\/wp-content\/uploads\/2022\/02\/Tilsam_logo_OK-2.png\",\"width\":600,\"height\":183,\"caption\":\"Tilsam | Oryginalna, z\u0142ota, r\u0119cznie robiona bi\u017cuteria z kamieniami szlachetnymi.\"},\"image\":{\"@id\":\"https:\/\/tilsamjewelry.com\/#\/schema\/logo\/image\/\"}}]}<\/script>\n<!-- \/ Yoast SEO plugin. -->","yoast_head_json":{"title":"Planet Ring | Tilsam Jewelry","description":"Planet Ring - Oryginalna, z\u0142ota, r\u0119cznie robiona bi\u017cuteria z kamieniami szlachetnymi.","robots":{"index":"index","follow":"follow","max-snippet":"max-snippet:-1","max-image-preview":"max-image-preview:large","max-video-preview":"max-video-preview:-1"},"canonical":"https:\/\/tilsamjewelry.com\/en\/produkt\/planet-ring\/","og_locale":"en_US","og_type":"article","og_title":"Planet Ring | Tilsam Jewelry","og_description":"Planet Ring - Oryginalna, z\u0142ota, r\u0119cznie robiona bi\u017cuteria z kamieniami szlachetnymi.","og_url":"https:\/\/tilsamjewelry.com\/en\/produkt\/planet-ring\/","og_site_name":"Tilsam","article_modified_time":"2023-08-29T18:42:22+00:00","og_image":[{"width":2560,"height":2560,"url":"https:\/\/tilsamjewelry.com\/wp-content\/uploads\/2023\/08\/piers_cionek-Planeta-scaled.jpg","type":"image\/jpeg"}],"twitter_card":"summary_large_image","twitter_misc":{"Est. reading time":"3 minutes"},"schema":{"@context":"https:\/\/schema.org","@graph":[{"@type":"WebPage","@id":"https:\/\/tilsamjewelry.com\/en\/produkt\/planet-ring\/","url":"https:\/\/tilsamjewelry.com\/en\/produkt\/planet-ring\/","name":"Planet Ring | Tilsam Jewelry","isPartOf":{"@id":"https:\/\/tilsamjewelry.com\/#website"},"datePublished":"2023-08-29T18:14:25+00:00","dateModified":"2023-08-29T18:42:22+00:00","description":"Planet Ring - Oryginalna, z\u0142ota, r\u0119cznie robiona bi\u017cuteria z kamieniami szlachetnymi.","breadcrumb":{"@id":"https:\/\/tilsamjewelry.com\/en\/produkt\/planet-ring\/#breadcrumb"},"inLanguage":"en-US","potentialAction":[{"@type":"ReadAction","target":["https:\/\/tilsamjewelry.com\/en\/produkt\/planet-ring\/"]}]},{"@type":"BreadcrumbList","@id":"https:\/\/tilsamjewelry.com\/en\/produkt\/planet-ring\/#breadcrumb","itemListElement":[{"@type":"ListItem","position":1,"name":"Strona g\u0142\u00f3wna","item":"https:\/\/tilsamjewelry.com\/"},{"@type":"ListItem","position":2,"name":"Shop","item":"https:\/\/tilsamjewelry.com\/shop\/"},{"@type":"ListItem","position":3,"name":"Planet Ring"}]},{"@type":"WebSite","@id":"https:\/\/tilsamjewelry.com\/#website","url":"https:\/\/tilsamjewelry.com\/","name":"Tilsam","description":"Kolejna witryna WordPress","publisher":{"@id":"https:\/\/tilsamjewelry.com\/#organization"},"potentialAction":[{"@type":"SearchAction","target":{"@type":"EntryPoint","urlTemplate":"https:\/\/tilsamjewelry.com\/?s={search_term_string}"},"query-input":"required name=search_term_string"}],"inLanguage":"en-US"},{"@type":"Organization","@id":"https:\/\/tilsamjewelry.com\/#organization","name":"Tilsam | Oryginalna, z\u0142ota, r\u0119cznie robiona bi\u017cuteria z kamieniami szlachetnymi.","url":"https:\/\/tilsamjewelry.com\/","logo":{"@type":"ImageObject","inLanguage":"en-US","@id":"https:\/\/tilsamjewelry.com\/#\/schema\/logo\/image\/","url":"https:\/\/tilsamjewelry.com\/wp-content\/uploads\/2022\/02\/Tilsam_logo_OK-2.png","contentUrl":"https:\/\/tilsamjewelry.com\/wp-content\/uploads\/2022\/02\/Tilsam_logo_OK-2.png","width":600,"height":183,"caption":"Tilsam | Oryginalna, z\u0142ota, r\u0119cznie robiona bi\u017cuteria z kamieniami szlachetnymi."},"image":{"@id":"https:\/\/tilsamjewelry.com\/#\/schema\/logo\/image\/"}}]}},"_links":{"self":[{"href":"https:\/\/tilsamjewelry.com\/en\/wp-json\/wp\/v2\/product\/18041"}],"collection":[{"href":"https:\/\/tilsamjewelry.com\/en\/wp-json\/wp\/v2\/product"}],"about":[{"href":"https:\/\/tilsamjewelry.com\/en\/wp-json\/wp\/v2\/types\/product"}],"replies":[{"embeddable":true,"href":"https:\/\/tilsamjewelry.com\/en\/wp-json\/wp\/v2\/comments?post=18041"}],"wp:featuredmedia":[{"embeddable":true,"href":"https:\/\/tilsamjewelry.com\/en\/wp-json\/wp\/v2\/media\/18038"}],"wp:attachment":[{"href":"https:\/\/tilsamjewelry.com\/en\/wp-json\/wp\/v2\/media?parent=18041"}],"wp:term":[{"taxonomy":"product_cat","embeddable":true,"href":"https:\/\/tilsamjewelry.com\/en\/wp-json\/wp\/v2\/product_cat?post=18041"},{"taxonomy":"product_tag","embeddable":true,"href":"https:\/\/tilsamjewelry.com\/en\/wp-json\/wp\/v2\/product_tag?post=18041"}],"curies":[{"name":"wp","href":"https:\/\/api.w.org\/{rel}","templated":true}]}}