{"id":17874,"date":"2023-01-31T19:09:39","date_gmt":"2023-01-31T19:09:39","guid":{"rendered":"https:\/\/tilsamjewelry.com\/?post_type=product&#038;p=17874"},"modified":"2023-01-31T19:09:40","modified_gmt":"2023-01-31T19:09:40","slug":"goddess-shield-moonstone-bracelet-yellow-white","status":"publish","type":"product","link":"https:\/\/tilsamjewelry.com\/en\/produkt\/goddess-shield-moonstone-bracelet-yellow-white\/","title":{"rendered":"Goddess Shield Moonstone Bracelet (yellow\/white)"},"content":{"rendered":"<p class=\"gwp911bfc13_p2\"><strong><span class=\"gwp911bfc13_s2\">Protect your energy.\u00a0<\/span><\/strong><\/p>\n<p class=\"gwp911bfc13_p2\"><span class=\"gwp911bfc13_s3\">A warrior carries his shield for the sake of the entire line.\u00a0<\/span><\/p>\n<p class=\"gwp911bfc13_p2\"><span class=\"gwp911bfc13_s3\">A Goddess carries her shield for the sake of her entire life.\u00a0<\/span><\/p>\n<p class=\"gwp911bfc13_p2\"><span class=\"gwp911bfc13_s2\">Be conscious of where your energy goes and if it&#8217;s worth the energy it takes to put it there. <\/span><span class=\"gwp911bfc13_s2\">Become aware of your energy. <\/span><span class=\"gwp911bfc13_s2\">We are all made of energy. In eastern traditions this energy is referred to as prana or chi, and this essential &#8220;life force&#8221; energy runs through the channels and meridians of the body.<\/span><\/p>\n<p class=\"gwp911bfc13_p2\"><span class=\"gwp911bfc13_s2\">When our energy is flowing we are free from pain, disease and tension. Once we start to experience blocks or stagnation, our energy gets thwarted out of balance.<\/span><\/p>\n<p class=\"gwp911bfc13_p2\"><span class=\"gwp911bfc13_s2\">Balance isn&#8217;t a destination. It&#8217;s not something we achieve one day. It&#8217;s a constant state of awareness. A daily practice. <\/span><span class=\"gwp911bfc13_s2\">Instead of crashing and burning out, take time to listen to your energy each day.<\/span><\/p>\n<p class=\"gwp911bfc13_p2\"><span class=\"gwp911bfc13_s2\">It&#8217;s easy to view spending your energy for the sake of people close to you as a currency for their love, approval, and good image of you, but this is unhealthy behavior. Now is the time to start setting boundaries and putting yourself first.\u00a0<\/span><\/p>\n<p><span style=\"font-size: 14px;\"><strong style=\"text-align: center;\">Moonstone &#8211; gem of femine energy<\/strong><\/span><\/p>\n<p style=\"text-align: justify;\">Legend has it that being close to a person, the Moonstone is able to illuminate his path with its radiance and lead him out of the darkness, towards the light .<\/p>\n<p style=\"text-align: justify;\">The stone\u2019s energy, through the influence of the phases of the moon, is able to merge with the inner Goddess, or sensual feminine energy. Thanks to this connection, wearing this stone we become more desirable, feminine and sensual.<\/p>\n<p style=\"text-align: justify;\">The Moonstone, in itself, has an extremely high vibration. Working with this crystal and its high frequency allows you to reach a higher state of consciousness, helping you discover the path of your destiny.<\/p>\n<p><strong>Diamonds <\/strong><\/p>\n<p style=\"text-align: justify;\">Asymetrical Diamonds symbolize stars.<br \/>\nThe same bio-elements that make up chemical compounds are found in both stars and the human body &#8211; You are a child of Universe.<\/p>\n<p style=\"text-align: justify;\">You can learn more about the gem&#8217;s properties in the <a href=\"https:\/\/tilsamjewelry.com\/en\/lithotherapy\/\">Lithotherapy <\/a>section.<\/p>\n<p>Goddess Shield is a registered industrial design, protected by the European Union law.<\/p>\n<p>Find out <a href=\"https:\/\/tilsamjewelry.com\/en\/how-to-care-for-tilsam-jewelry\/\">how to take care of our Tilsams.<\/a><\/p>\n","protected":false},"excerpt":{"rendered":"<p>Bracelet with Moonstone and Diamonds.<br \/>\nGem type: Moonstone<br \/>\nGem Size: 8 mm x 6 mm<br \/>\nDiamonds Weight: 0,09 ct<br \/>\nNumber of diamonds: 5<br \/>\nGold Weight: 4,02 g (14 k)<br \/>\nSize: Uni<\/p>\n<p>Gem country of origin: Sri Lanka<\/p>\n<p><span style=\"font-size: 10px;\">*Because of the technique and conditions of taking pictures, the actual appearance of the product, including color, may differ from the one presented in the picture.<br \/>\n<\/span><span style=\"font-size: 10px;\">* Please allow 30 days for production.<\/span><\/p>\n","protected":false},"featured_media":17852,"comment_status":"closed","ping_status":"closed","template":"","meta":[],"product_cat":[236,274,260,173],"product_tag":[275,227],"yoast_head":"<!-- This site is optimized with the Yoast SEO plugin v21.4 - https:\/\/yoast.com\/wordpress\/plugins\/seo\/ -->\n<title>Goddess Shield Moonstone Bracelet (yellow\/white) | Tilsam Jewelry<\/title>\n<meta name=\"description\" content=\"Goddess Shield Moonstone Bracelet (yellow\/white) - Oryginalna, z\u0142ota, r\u0119cznie robiona bi\u017cuteria z kamieniami szlachetnymi.\" \/>\n<meta name=\"robots\" content=\"index, follow, max-snippet:-1, max-image-preview:large, max-video-preview:-1\" \/>\n<link rel=\"canonical\" href=\"https:\/\/tilsamjewelry.com\/en\/produkt\/goddess-shield-moonstone-bracelet-yellow-white\/\" \/>\n<meta property=\"og:locale\" content=\"en_US\" \/>\n<meta property=\"og:type\" content=\"article\" \/>\n<meta property=\"og:title\" content=\"Goddess Shield Moonstone Bracelet (yellow\/white) | Tilsam Jewelry\" \/>\n<meta property=\"og:description\" content=\"Goddess Shield Moonstone Bracelet (yellow\/white) - Oryginalna, z\u0142ota, r\u0119cznie robiona bi\u017cuteria z kamieniami szlachetnymi.\" \/>\n<meta property=\"og:url\" content=\"https:\/\/tilsamjewelry.com\/en\/produkt\/goddess-shield-moonstone-bracelet-yellow-white\/\" \/>\n<meta property=\"og:site_name\" content=\"Tilsam\" \/>\n<meta property=\"article:modified_time\" content=\"2023-01-31T19:09:40+00:00\" \/>\n<meta property=\"og:image\" content=\"https:\/\/tilsamjewelry.com\/wp-content\/uploads\/2023\/01\/bransoletka_oks.jpg\" \/>\n\t<meta property=\"og:image:width\" content=\"2500\" \/>\n\t<meta property=\"og:image:height\" content=\"2500\" \/>\n\t<meta property=\"og:image:type\" content=\"image\/jpeg\" \/>\n<meta name=\"twitter:card\" content=\"summary_large_image\" \/>\n<meta name=\"twitter:label1\" content=\"Est. reading time\" \/>\n\t<meta name=\"twitter:data1\" content=\"3 minutes\" \/>\n<script type=\"application\/ld+json\" class=\"yoast-schema-graph\">{\"@context\":\"https:\/\/schema.org\",\"@graph\":[{\"@type\":\"WebPage\",\"@id\":\"https:\/\/tilsamjewelry.com\/en\/produkt\/goddess-shield-moonstone-bracelet-yellow-white\/\",\"url\":\"https:\/\/tilsamjewelry.com\/en\/produkt\/goddess-shield-moonstone-bracelet-yellow-white\/\",\"name\":\"Goddess Shield Moonstone Bracelet (yellow\/white) | Tilsam Jewelry\",\"isPartOf\":{\"@id\":\"https:\/\/tilsamjewelry.com\/#website\"},\"datePublished\":\"2023-01-31T19:09:39+00:00\",\"dateModified\":\"2023-01-31T19:09:40+00:00\",\"description\":\"Goddess Shield Moonstone Bracelet (yellow\/white) - Oryginalna, z\u0142ota, r\u0119cznie robiona bi\u017cuteria z kamieniami szlachetnymi.\",\"breadcrumb\":{\"@id\":\"https:\/\/tilsamjewelry.com\/en\/produkt\/goddess-shield-moonstone-bracelet-yellow-white\/#breadcrumb\"},\"inLanguage\":\"en-US\",\"potentialAction\":[{\"@type\":\"ReadAction\",\"target\":[\"https:\/\/tilsamjewelry.com\/en\/produkt\/goddess-shield-moonstone-bracelet-yellow-white\/\"]}]},{\"@type\":\"BreadcrumbList\",\"@id\":\"https:\/\/tilsamjewelry.com\/en\/produkt\/goddess-shield-moonstone-bracelet-yellow-white\/#breadcrumb\",\"itemListElement\":[{\"@type\":\"ListItem\",\"position\":1,\"name\":\"Strona g\u0142\u00f3wna\",\"item\":\"https:\/\/tilsamjewelry.com\/\"},{\"@type\":\"ListItem\",\"position\":2,\"name\":\"Shop\",\"item\":\"https:\/\/tilsamjewelry.com\/shop\/\"},{\"@type\":\"ListItem\",\"position\":3,\"name\":\"Goddess Shield Moonstone Bracelet (yellow\/white)\"}]},{\"@type\":\"WebSite\",\"@id\":\"https:\/\/tilsamjewelry.com\/#website\",\"url\":\"https:\/\/tilsamjewelry.com\/\",\"name\":\"Tilsam\",\"description\":\"Kolejna witryna WordPress\",\"publisher\":{\"@id\":\"https:\/\/tilsamjewelry.com\/#organization\"},\"potentialAction\":[{\"@type\":\"SearchAction\",\"target\":{\"@type\":\"EntryPoint\",\"urlTemplate\":\"https:\/\/tilsamjewelry.com\/?s={search_term_string}\"},\"query-input\":\"required name=search_term_string\"}],\"inLanguage\":\"en-US\"},{\"@type\":\"Organization\",\"@id\":\"https:\/\/tilsamjewelry.com\/#organization\",\"name\":\"Tilsam | Oryginalna, z\u0142ota, r\u0119cznie robiona bi\u017cuteria z kamieniami szlachetnymi.\",\"url\":\"https:\/\/tilsamjewelry.com\/\",\"logo\":{\"@type\":\"ImageObject\",\"inLanguage\":\"en-US\",\"@id\":\"https:\/\/tilsamjewelry.com\/#\/schema\/logo\/image\/\",\"url\":\"https:\/\/tilsamjewelry.com\/wp-content\/uploads\/2022\/02\/Tilsam_logo_OK-2.png\",\"contentUrl\":\"https:\/\/tilsamjewelry.com\/wp-content\/uploads\/2022\/02\/Tilsam_logo_OK-2.png\",\"width\":600,\"height\":183,\"caption\":\"Tilsam | Oryginalna, z\u0142ota, r\u0119cznie robiona bi\u017cuteria z kamieniami szlachetnymi.\"},\"image\":{\"@id\":\"https:\/\/tilsamjewelry.com\/#\/schema\/logo\/image\/\"}}]}<\/script>\n<!-- \/ Yoast SEO plugin. -->","yoast_head_json":{"title":"Goddess Shield Moonstone Bracelet (yellow\/white) | Tilsam Jewelry","description":"Goddess Shield Moonstone Bracelet (yellow\/white) - Oryginalna, z\u0142ota, r\u0119cznie robiona bi\u017cuteria z kamieniami szlachetnymi.","robots":{"index":"index","follow":"follow","max-snippet":"max-snippet:-1","max-image-preview":"max-image-preview:large","max-video-preview":"max-video-preview:-1"},"canonical":"https:\/\/tilsamjewelry.com\/en\/produkt\/goddess-shield-moonstone-bracelet-yellow-white\/","og_locale":"en_US","og_type":"article","og_title":"Goddess Shield Moonstone Bracelet (yellow\/white) | Tilsam Jewelry","og_description":"Goddess Shield Moonstone Bracelet (yellow\/white) - Oryginalna, z\u0142ota, r\u0119cznie robiona bi\u017cuteria z kamieniami szlachetnymi.","og_url":"https:\/\/tilsamjewelry.com\/en\/produkt\/goddess-shield-moonstone-bracelet-yellow-white\/","og_site_name":"Tilsam","article_modified_time":"2023-01-31T19:09:40+00:00","og_image":[{"width":2500,"height":2500,"url":"https:\/\/tilsamjewelry.com\/wp-content\/uploads\/2023\/01\/bransoletka_oks.jpg","type":"image\/jpeg"}],"twitter_card":"summary_large_image","twitter_misc":{"Est. reading time":"3 minutes"},"schema":{"@context":"https:\/\/schema.org","@graph":[{"@type":"WebPage","@id":"https:\/\/tilsamjewelry.com\/en\/produkt\/goddess-shield-moonstone-bracelet-yellow-white\/","url":"https:\/\/tilsamjewelry.com\/en\/produkt\/goddess-shield-moonstone-bracelet-yellow-white\/","name":"Goddess Shield Moonstone Bracelet (yellow\/white) | Tilsam Jewelry","isPartOf":{"@id":"https:\/\/tilsamjewelry.com\/#website"},"datePublished":"2023-01-31T19:09:39+00:00","dateModified":"2023-01-31T19:09:40+00:00","description":"Goddess Shield Moonstone Bracelet (yellow\/white) - Oryginalna, z\u0142ota, r\u0119cznie robiona bi\u017cuteria z kamieniami szlachetnymi.","breadcrumb":{"@id":"https:\/\/tilsamjewelry.com\/en\/produkt\/goddess-shield-moonstone-bracelet-yellow-white\/#breadcrumb"},"inLanguage":"en-US","potentialAction":[{"@type":"ReadAction","target":["https:\/\/tilsamjewelry.com\/en\/produkt\/goddess-shield-moonstone-bracelet-yellow-white\/"]}]},{"@type":"BreadcrumbList","@id":"https:\/\/tilsamjewelry.com\/en\/produkt\/goddess-shield-moonstone-bracelet-yellow-white\/#breadcrumb","itemListElement":[{"@type":"ListItem","position":1,"name":"Strona g\u0142\u00f3wna","item":"https:\/\/tilsamjewelry.com\/"},{"@type":"ListItem","position":2,"name":"Shop","item":"https:\/\/tilsamjewelry.com\/shop\/"},{"@type":"ListItem","position":3,"name":"Goddess Shield Moonstone Bracelet (yellow\/white)"}]},{"@type":"WebSite","@id":"https:\/\/tilsamjewelry.com\/#website","url":"https:\/\/tilsamjewelry.com\/","name":"Tilsam","description":"Kolejna witryna WordPress","publisher":{"@id":"https:\/\/tilsamjewelry.com\/#organization"},"potentialAction":[{"@type":"SearchAction","target":{"@type":"EntryPoint","urlTemplate":"https:\/\/tilsamjewelry.com\/?s={search_term_string}"},"query-input":"required name=search_term_string"}],"inLanguage":"en-US"},{"@type":"Organization","@id":"https:\/\/tilsamjewelry.com\/#organization","name":"Tilsam | Oryginalna, z\u0142ota, r\u0119cznie robiona bi\u017cuteria z kamieniami szlachetnymi.","url":"https:\/\/tilsamjewelry.com\/","logo":{"@type":"ImageObject","inLanguage":"en-US","@id":"https:\/\/tilsamjewelry.com\/#\/schema\/logo\/image\/","url":"https:\/\/tilsamjewelry.com\/wp-content\/uploads\/2022\/02\/Tilsam_logo_OK-2.png","contentUrl":"https:\/\/tilsamjewelry.com\/wp-content\/uploads\/2022\/02\/Tilsam_logo_OK-2.png","width":600,"height":183,"caption":"Tilsam | Oryginalna, z\u0142ota, r\u0119cznie robiona bi\u017cuteria z kamieniami szlachetnymi."},"image":{"@id":"https:\/\/tilsamjewelry.com\/#\/schema\/logo\/image\/"}}]}},"_links":{"self":[{"href":"https:\/\/tilsamjewelry.com\/en\/wp-json\/wp\/v2\/product\/17874"}],"collection":[{"href":"https:\/\/tilsamjewelry.com\/en\/wp-json\/wp\/v2\/product"}],"about":[{"href":"https:\/\/tilsamjewelry.com\/en\/wp-json\/wp\/v2\/types\/product"}],"replies":[{"embeddable":true,"href":"https:\/\/tilsamjewelry.com\/en\/wp-json\/wp\/v2\/comments?post=17874"}],"wp:featuredmedia":[{"embeddable":true,"href":"https:\/\/tilsamjewelry.com\/en\/wp-json\/wp\/v2\/media\/17852"}],"wp:attachment":[{"href":"https:\/\/tilsamjewelry.com\/en\/wp-json\/wp\/v2\/media?parent=17874"}],"wp:term":[{"taxonomy":"product_cat","embeddable":true,"href":"https:\/\/tilsamjewelry.com\/en\/wp-json\/wp\/v2\/product_cat?post=17874"},{"taxonomy":"product_tag","embeddable":true,"href":"https:\/\/tilsamjewelry.com\/en\/wp-json\/wp\/v2\/product_tag?post=17874"}],"curies":[{"name":"wp","href":"https:\/\/api.w.org\/{rel}","templated":true}]}}