{"id":16872,"date":"2022-03-09T15:54:16","date_gmt":"2022-03-09T15:54:16","guid":{"rendered":"https:\/\/tilsamjewelry.com\/produkt\/kirke-tilsam-keresto\/"},"modified":"2022-05-30T10:42:56","modified_gmt":"2022-05-30T10:42:56","slug":"kirke-tilsam-keresto-2","status":"publish","type":"product","link":"https:\/\/tilsamjewelry.com\/en\/produkt\/kirke-tilsam-keresto-2\/","title":{"rendered":"Kirke Tilsam &#8211; Keresto"},"content":{"rendered":"<p><span data-sheets-value=\"{\" data-sheets-userformat=\"{\">Tilsam &#8211; an object with a magical action attributed to it, intended to bring its possessor good luck or protect from misfortune.<\/span><\/p>\n<p>Tilsam in the form of a necklace, containing a raw gemstone &#8211; <strong>aquamarine<\/strong>.<br \/>\nEach gem is unique and unrepeatable. The gems come in their raw form &#8211; no processing that would alter their natural shape.<\/p>\n<p><strong>Aquamarine<\/strong> &#8211; is called the &#8220;gem of courage&#8221;. It gives courage to people who are shy, reserved and not very assertive. It is a gem that strongly affects the center of communication and interpersonal relationships. It helps the owner to open up, to say what they think without any remorse. The energy of Aquamarine also helps in the smooth expression of thoughts and feelings, which has a great influence on contact with the environment and building lasting relationships with other people.<\/p>\n<p>You can learn more about the gem&#8217;s properties in the <a href=\"https:\/\/tilsamjewelry.com\/en\/lithotherapy\/\">Lithotherapy<\/a>section.<\/p>\n<p>Tilsam is a registered industrial design, protected by the <a href=\"https:\/\/tilsamjewelry.com\/en\/tilsam-community-trademark\/\">European Union law.<\/a><\/p>\n<p>Find out <a href=\"https:\/\/tilsamjewelry.com\/en\/how-to-care-for-tilsam-jewelry\/\">how to take care of our Tilsams.<\/a><\/p>\n","protected":false},"excerpt":{"rendered":"<h4><strong>Raw aquamarine necklace.<\/strong><\/h4>\n<p>Gem type: Aquamarine<br \/>\nGem Size: 25 mm x 15 mm<br \/>\nGem Weight: 25,70 car<br \/>\nGold Karat: 9,07 g (14 k)<br \/>\nChain: gold (14 k), 45 cm<br \/>\nGem country of origin:\u00a0 Pakistan<\/p>\n<p><span style=\"font-size: 10px;\">*Because of the technique and conditions of taking pictures, the actual appearance of the product, including color, may differ from the one presented in the picture.<\/span><\/p>\n","protected":false},"featured_media":17686,"comment_status":"closed","ping_status":"closed","template":"","meta":[],"product_cat":[174,104,170,143],"product_tag":[125,178,184,124,154,193],"yoast_head":"<!-- This site is optimized with the Yoast SEO plugin v21.4 - https:\/\/yoast.com\/wordpress\/plugins\/seo\/ -->\n<title>Kirke Tilsam - Keresto | Tilsam Jewelry<\/title>\n<meta name=\"description\" content=\"Kirke Tilsam - Keresto - Oryginalna, z\u0142ota, r\u0119cznie robiona bi\u017cuteria z kamieniami szlachetnymi.\" \/>\n<meta name=\"robots\" content=\"index, follow, max-snippet:-1, max-image-preview:large, max-video-preview:-1\" \/>\n<link rel=\"canonical\" href=\"https:\/\/tilsamjewelry.com\/en\/produkt\/kirke-tilsam-keresto-2\/\" \/>\n<meta property=\"og:locale\" content=\"en_US\" \/>\n<meta property=\"og:type\" content=\"article\" \/>\n<meta property=\"og:title\" content=\"Kirke Tilsam - Keresto | Tilsam Jewelry\" \/>\n<meta property=\"og:description\" content=\"Kirke Tilsam - Keresto - Oryginalna, z\u0142ota, r\u0119cznie robiona bi\u017cuteria z kamieniami szlachetnymi.\" \/>\n<meta property=\"og:url\" content=\"https:\/\/tilsamjewelry.com\/en\/produkt\/kirke-tilsam-keresto-2\/\" \/>\n<meta property=\"og:site_name\" content=\"Tilsam\" \/>\n<meta property=\"article:modified_time\" content=\"2022-05-30T10:42:56+00:00\" \/>\n<meta property=\"og:image\" content=\"https:\/\/tilsamjewelry.com\/wp-content\/uploads\/2022\/03\/45-scaled.jpg\" \/>\n\t<meta property=\"og:image:width\" content=\"2560\" \/>\n\t<meta property=\"og:image:height\" content=\"2560\" \/>\n\t<meta property=\"og:image:type\" content=\"image\/jpeg\" \/>\n<meta name=\"twitter:card\" content=\"summary_large_image\" \/>\n<meta name=\"twitter:label1\" content=\"Est. reading time\" \/>\n\t<meta name=\"twitter:data1\" content=\"1 minute\" \/>\n<script type=\"application\/ld+json\" class=\"yoast-schema-graph\">{\"@context\":\"https:\/\/schema.org\",\"@graph\":[{\"@type\":\"WebPage\",\"@id\":\"https:\/\/tilsamjewelry.com\/en\/produkt\/kirke-tilsam-keresto-2\/\",\"url\":\"https:\/\/tilsamjewelry.com\/en\/produkt\/kirke-tilsam-keresto-2\/\",\"name\":\"Kirke Tilsam - Keresto | Tilsam Jewelry\",\"isPartOf\":{\"@id\":\"https:\/\/tilsamjewelry.com\/#website\"},\"datePublished\":\"2022-03-09T15:54:16+00:00\",\"dateModified\":\"2022-05-30T10:42:56+00:00\",\"description\":\"Kirke Tilsam - Keresto - Oryginalna, z\u0142ota, r\u0119cznie robiona bi\u017cuteria z kamieniami szlachetnymi.\",\"breadcrumb\":{\"@id\":\"https:\/\/tilsamjewelry.com\/en\/produkt\/kirke-tilsam-keresto-2\/#breadcrumb\"},\"inLanguage\":\"en-US\",\"potentialAction\":[{\"@type\":\"ReadAction\",\"target\":[\"https:\/\/tilsamjewelry.com\/en\/produkt\/kirke-tilsam-keresto-2\/\"]}]},{\"@type\":\"BreadcrumbList\",\"@id\":\"https:\/\/tilsamjewelry.com\/en\/produkt\/kirke-tilsam-keresto-2\/#breadcrumb\",\"itemListElement\":[{\"@type\":\"ListItem\",\"position\":1,\"name\":\"Strona g\u0142\u00f3wna\",\"item\":\"https:\/\/tilsamjewelry.com\/\"},{\"@type\":\"ListItem\",\"position\":2,\"name\":\"Shop\",\"item\":\"https:\/\/tilsamjewelry.com\/shop\/\"},{\"@type\":\"ListItem\",\"position\":3,\"name\":\"Kirke Tilsam &#8211; Keresto\"}]},{\"@type\":\"WebSite\",\"@id\":\"https:\/\/tilsamjewelry.com\/#website\",\"url\":\"https:\/\/tilsamjewelry.com\/\",\"name\":\"Tilsam\",\"description\":\"Kolejna witryna WordPress\",\"publisher\":{\"@id\":\"https:\/\/tilsamjewelry.com\/#organization\"},\"potentialAction\":[{\"@type\":\"SearchAction\",\"target\":{\"@type\":\"EntryPoint\",\"urlTemplate\":\"https:\/\/tilsamjewelry.com\/?s={search_term_string}\"},\"query-input\":\"required name=search_term_string\"}],\"inLanguage\":\"en-US\"},{\"@type\":\"Organization\",\"@id\":\"https:\/\/tilsamjewelry.com\/#organization\",\"name\":\"Tilsam | Oryginalna, z\u0142ota, r\u0119cznie robiona bi\u017cuteria z kamieniami szlachetnymi.\",\"url\":\"https:\/\/tilsamjewelry.com\/\",\"logo\":{\"@type\":\"ImageObject\",\"inLanguage\":\"en-US\",\"@id\":\"https:\/\/tilsamjewelry.com\/#\/schema\/logo\/image\/\",\"url\":\"https:\/\/tilsamjewelry.com\/wp-content\/uploads\/2022\/02\/Tilsam_logo_OK-2.png\",\"contentUrl\":\"https:\/\/tilsamjewelry.com\/wp-content\/uploads\/2022\/02\/Tilsam_logo_OK-2.png\",\"width\":600,\"height\":183,\"caption\":\"Tilsam | Oryginalna, z\u0142ota, r\u0119cznie robiona bi\u017cuteria z kamieniami szlachetnymi.\"},\"image\":{\"@id\":\"https:\/\/tilsamjewelry.com\/#\/schema\/logo\/image\/\"}}]}<\/script>\n<!-- \/ Yoast SEO plugin. -->","yoast_head_json":{"title":"Kirke Tilsam - Keresto | Tilsam Jewelry","description":"Kirke Tilsam - Keresto - Oryginalna, z\u0142ota, r\u0119cznie robiona bi\u017cuteria z kamieniami szlachetnymi.","robots":{"index":"index","follow":"follow","max-snippet":"max-snippet:-1","max-image-preview":"max-image-preview:large","max-video-preview":"max-video-preview:-1"},"canonical":"https:\/\/tilsamjewelry.com\/en\/produkt\/kirke-tilsam-keresto-2\/","og_locale":"en_US","og_type":"article","og_title":"Kirke Tilsam - Keresto | Tilsam Jewelry","og_description":"Kirke Tilsam - Keresto - Oryginalna, z\u0142ota, r\u0119cznie robiona bi\u017cuteria z kamieniami szlachetnymi.","og_url":"https:\/\/tilsamjewelry.com\/en\/produkt\/kirke-tilsam-keresto-2\/","og_site_name":"Tilsam","article_modified_time":"2022-05-30T10:42:56+00:00","og_image":[{"width":2560,"height":2560,"url":"https:\/\/tilsamjewelry.com\/wp-content\/uploads\/2022\/03\/45-scaled.jpg","type":"image\/jpeg"}],"twitter_card":"summary_large_image","twitter_misc":{"Est. reading time":"1 minute"},"schema":{"@context":"https:\/\/schema.org","@graph":[{"@type":"WebPage","@id":"https:\/\/tilsamjewelry.com\/en\/produkt\/kirke-tilsam-keresto-2\/","url":"https:\/\/tilsamjewelry.com\/en\/produkt\/kirke-tilsam-keresto-2\/","name":"Kirke Tilsam - Keresto | Tilsam Jewelry","isPartOf":{"@id":"https:\/\/tilsamjewelry.com\/#website"},"datePublished":"2022-03-09T15:54:16+00:00","dateModified":"2022-05-30T10:42:56+00:00","description":"Kirke Tilsam - Keresto - Oryginalna, z\u0142ota, r\u0119cznie robiona bi\u017cuteria z kamieniami szlachetnymi.","breadcrumb":{"@id":"https:\/\/tilsamjewelry.com\/en\/produkt\/kirke-tilsam-keresto-2\/#breadcrumb"},"inLanguage":"en-US","potentialAction":[{"@type":"ReadAction","target":["https:\/\/tilsamjewelry.com\/en\/produkt\/kirke-tilsam-keresto-2\/"]}]},{"@type":"BreadcrumbList","@id":"https:\/\/tilsamjewelry.com\/en\/produkt\/kirke-tilsam-keresto-2\/#breadcrumb","itemListElement":[{"@type":"ListItem","position":1,"name":"Strona g\u0142\u00f3wna","item":"https:\/\/tilsamjewelry.com\/"},{"@type":"ListItem","position":2,"name":"Shop","item":"https:\/\/tilsamjewelry.com\/shop\/"},{"@type":"ListItem","position":3,"name":"Kirke Tilsam &#8211; Keresto"}]},{"@type":"WebSite","@id":"https:\/\/tilsamjewelry.com\/#website","url":"https:\/\/tilsamjewelry.com\/","name":"Tilsam","description":"Kolejna witryna WordPress","publisher":{"@id":"https:\/\/tilsamjewelry.com\/#organization"},"potentialAction":[{"@type":"SearchAction","target":{"@type":"EntryPoint","urlTemplate":"https:\/\/tilsamjewelry.com\/?s={search_term_string}"},"query-input":"required name=search_term_string"}],"inLanguage":"en-US"},{"@type":"Organization","@id":"https:\/\/tilsamjewelry.com\/#organization","name":"Tilsam | Oryginalna, z\u0142ota, r\u0119cznie robiona bi\u017cuteria z kamieniami szlachetnymi.","url":"https:\/\/tilsamjewelry.com\/","logo":{"@type":"ImageObject","inLanguage":"en-US","@id":"https:\/\/tilsamjewelry.com\/#\/schema\/logo\/image\/","url":"https:\/\/tilsamjewelry.com\/wp-content\/uploads\/2022\/02\/Tilsam_logo_OK-2.png","contentUrl":"https:\/\/tilsamjewelry.com\/wp-content\/uploads\/2022\/02\/Tilsam_logo_OK-2.png","width":600,"height":183,"caption":"Tilsam | Oryginalna, z\u0142ota, r\u0119cznie robiona bi\u017cuteria z kamieniami szlachetnymi."},"image":{"@id":"https:\/\/tilsamjewelry.com\/#\/schema\/logo\/image\/"}}]}},"_links":{"self":[{"href":"https:\/\/tilsamjewelry.com\/en\/wp-json\/wp\/v2\/product\/16872"}],"collection":[{"href":"https:\/\/tilsamjewelry.com\/en\/wp-json\/wp\/v2\/product"}],"about":[{"href":"https:\/\/tilsamjewelry.com\/en\/wp-json\/wp\/v2\/types\/product"}],"replies":[{"embeddable":true,"href":"https:\/\/tilsamjewelry.com\/en\/wp-json\/wp\/v2\/comments?post=16872"}],"wp:featuredmedia":[{"embeddable":true,"href":"https:\/\/tilsamjewelry.com\/en\/wp-json\/wp\/v2\/media\/17686"}],"wp:attachment":[{"href":"https:\/\/tilsamjewelry.com\/en\/wp-json\/wp\/v2\/media?parent=16872"}],"wp:term":[{"taxonomy":"product_cat","embeddable":true,"href":"https:\/\/tilsamjewelry.com\/en\/wp-json\/wp\/v2\/product_cat?post=16872"},{"taxonomy":"product_tag","embeddable":true,"href":"https:\/\/tilsamjewelry.com\/en\/wp-json\/wp\/v2\/product_tag?post=16872"}],"curies":[{"name":"wp","href":"https:\/\/api.w.org\/{rel}","templated":true}]}}