{"id":16867,"date":"2022-03-09T17:57:52","date_gmt":"2022-03-09T17:57:52","guid":{"rendered":"https:\/\/tilsamjewelry.com\/produkt\/telesto-tilsam-telegide\/"},"modified":"2022-05-30T10:33:11","modified_gmt":"2022-05-30T10:33:11","slug":"telesto-tilsam-telegide-2","status":"publish","type":"product","link":"https:\/\/tilsamjewelry.com\/en\/produkt\/telesto-tilsam-telegide-2\/","title":{"rendered":"Telesto Tilsam &#8211; Telegide"},"content":{"rendered":"<p><span data-sheets-value=\"{\" data-sheets-userformat=\"{\"><strong>Tilsam<\/strong> &#8211; an object with a magical action attributed to it, intended to bring its possessor good luck or protect from misfortune.<\/span><\/p>\n<p>Tilsam in the form of a necklace, containing a raw gemstone &#8211; <strong>Tourmaline<\/strong>.<br \/>\nEach gem is unique and unrepeatable. The gems come in their raw form &#8211; no processing that would alter their natural shape.<\/p>\n<p>Tourmaline is a gem, that attracts love, friendship and gentle treatment from others to the wearer. It facilitates good relationships with people and successful emotional relationships. Tourmaline harmonizes and calms. It is a sensational gem for hysterics and people prone to drama, as well as &#8220;suffering addicts&#8221;. Tourmaline restores a natural, subdued flow of energy with a strong and grounded connection to the heart chakra &#8211; calming and directing attention to what is important and what can be done.<\/p>\n<p><span data-sheets-value=\"{\" data-sheets-userformat=\"{\">You can learn more about the gem&#8217;s properties in the <a href=\"https:\/\/tilsamjewelry.com\/en\/lithotherapy\/\">Lithotherapy<\/a>section.<\/span><\/p>\n<p>Tilsam is a registered industrial design, protected by the <a href=\"https:\/\/tilsamjewelry.com\/en\/tilsam-community-trademark\/\">European Union law.<\/a><\/p>\n<p>Find out <a href=\"https:\/\/tilsamjewelry.com\/en\/how-to-care-for-tilsam-jewelry\/\">how to take care of our Tilsams.<\/a><\/p>\n<p>&nbsp;<\/p>\n","protected":false},"excerpt":{"rendered":"<h4><strong>Necklace with raw tourmaline.<\/strong><\/h4>\n<p>Gem type: Tourmaline<br \/>\nGem Size: 14 mm x 7 mm<br \/>\nGem Weight: 7,65 car<br \/>\nGold Karat: 4,68 g (14 k)<br \/>\nChain: gold (14 k), 40 cm<br \/>\nGem country of origin: Pakistan<\/p>\n<p><span style=\"font-size: 10px;\">*Because of the technique and conditions of taking pictures, the actual appearance of the product, including color, may differ from the one presented in the picture.<\/span><\/p>\n","protected":false},"featured_media":16516,"comment_status":"closed","ping_status":"closed","template":"","meta":[],"product_cat":[167,172,176,177],"product_tag":[193,199,204],"yoast_head":"<!-- This site is optimized with the Yoast SEO plugin v21.4 - https:\/\/yoast.com\/wordpress\/plugins\/seo\/ -->\n<title>Telesto Tilsam - Telegide | Tilsam Jewelry<\/title>\n<meta name=\"description\" content=\"Telesto Tilsam - Telegide - Oryginalna, z\u0142ota, r\u0119cznie robiona bi\u017cuteria z kamieniami szlachetnymi.\" \/>\n<meta name=\"robots\" content=\"index, follow, max-snippet:-1, max-image-preview:large, max-video-preview:-1\" \/>\n<link rel=\"canonical\" href=\"https:\/\/tilsamjewelry.com\/en\/produkt\/telesto-tilsam-telegide-2\/\" \/>\n<meta property=\"og:locale\" content=\"en_US\" \/>\n<meta property=\"og:type\" content=\"article\" \/>\n<meta property=\"og:title\" content=\"Telesto Tilsam - Telegide | Tilsam Jewelry\" \/>\n<meta property=\"og:description\" content=\"Telesto Tilsam - Telegide - Oryginalna, z\u0142ota, r\u0119cznie robiona bi\u017cuteria z kamieniami szlachetnymi.\" \/>\n<meta property=\"og:url\" content=\"https:\/\/tilsamjewelry.com\/en\/produkt\/telesto-tilsam-telegide-2\/\" \/>\n<meta property=\"og:site_name\" content=\"Tilsam\" \/>\n<meta property=\"article:modified_time\" content=\"2022-05-30T10:33:11+00:00\" \/>\n<meta property=\"og:image\" content=\"https:\/\/tilsamjewelry.com\/wp-content\/uploads\/2022\/03\/64-scaled.jpg\" \/>\n\t<meta property=\"og:image:width\" content=\"2560\" \/>\n\t<meta property=\"og:image:height\" content=\"2560\" \/>\n\t<meta property=\"og:image:type\" content=\"image\/jpeg\" \/>\n<meta name=\"twitter:card\" content=\"summary_large_image\" \/>\n<meta name=\"twitter:label1\" content=\"Est. reading time\" \/>\n\t<meta name=\"twitter:data1\" content=\"1 minute\" \/>\n<script type=\"application\/ld+json\" class=\"yoast-schema-graph\">{\"@context\":\"https:\/\/schema.org\",\"@graph\":[{\"@type\":\"WebPage\",\"@id\":\"https:\/\/tilsamjewelry.com\/en\/produkt\/telesto-tilsam-telegide-2\/\",\"url\":\"https:\/\/tilsamjewelry.com\/en\/produkt\/telesto-tilsam-telegide-2\/\",\"name\":\"Telesto Tilsam - Telegide | Tilsam Jewelry\",\"isPartOf\":{\"@id\":\"https:\/\/tilsamjewelry.com\/#website\"},\"datePublished\":\"2022-03-09T17:57:52+00:00\",\"dateModified\":\"2022-05-30T10:33:11+00:00\",\"description\":\"Telesto Tilsam - Telegide - Oryginalna, z\u0142ota, r\u0119cznie robiona bi\u017cuteria z kamieniami szlachetnymi.\",\"breadcrumb\":{\"@id\":\"https:\/\/tilsamjewelry.com\/en\/produkt\/telesto-tilsam-telegide-2\/#breadcrumb\"},\"inLanguage\":\"en-US\",\"potentialAction\":[{\"@type\":\"ReadAction\",\"target\":[\"https:\/\/tilsamjewelry.com\/en\/produkt\/telesto-tilsam-telegide-2\/\"]}]},{\"@type\":\"BreadcrumbList\",\"@id\":\"https:\/\/tilsamjewelry.com\/en\/produkt\/telesto-tilsam-telegide-2\/#breadcrumb\",\"itemListElement\":[{\"@type\":\"ListItem\",\"position\":1,\"name\":\"Strona g\u0142\u00f3wna\",\"item\":\"https:\/\/tilsamjewelry.com\/\"},{\"@type\":\"ListItem\",\"position\":2,\"name\":\"Shop\",\"item\":\"https:\/\/tilsamjewelry.com\/shop\/\"},{\"@type\":\"ListItem\",\"position\":3,\"name\":\"Telesto Tilsam &#8211; Telegide\"}]},{\"@type\":\"WebSite\",\"@id\":\"https:\/\/tilsamjewelry.com\/#website\",\"url\":\"https:\/\/tilsamjewelry.com\/\",\"name\":\"Tilsam\",\"description\":\"Kolejna witryna WordPress\",\"publisher\":{\"@id\":\"https:\/\/tilsamjewelry.com\/#organization\"},\"potentialAction\":[{\"@type\":\"SearchAction\",\"target\":{\"@type\":\"EntryPoint\",\"urlTemplate\":\"https:\/\/tilsamjewelry.com\/?s={search_term_string}\"},\"query-input\":\"required name=search_term_string\"}],\"inLanguage\":\"en-US\"},{\"@type\":\"Organization\",\"@id\":\"https:\/\/tilsamjewelry.com\/#organization\",\"name\":\"Tilsam | Oryginalna, z\u0142ota, r\u0119cznie robiona bi\u017cuteria z kamieniami szlachetnymi.\",\"url\":\"https:\/\/tilsamjewelry.com\/\",\"logo\":{\"@type\":\"ImageObject\",\"inLanguage\":\"en-US\",\"@id\":\"https:\/\/tilsamjewelry.com\/#\/schema\/logo\/image\/\",\"url\":\"https:\/\/tilsamjewelry.com\/wp-content\/uploads\/2022\/02\/Tilsam_logo_OK-2.png\",\"contentUrl\":\"https:\/\/tilsamjewelry.com\/wp-content\/uploads\/2022\/02\/Tilsam_logo_OK-2.png\",\"width\":600,\"height\":183,\"caption\":\"Tilsam | Oryginalna, z\u0142ota, r\u0119cznie robiona bi\u017cuteria z kamieniami szlachetnymi.\"},\"image\":{\"@id\":\"https:\/\/tilsamjewelry.com\/#\/schema\/logo\/image\/\"}}]}<\/script>\n<!-- \/ Yoast SEO plugin. -->","yoast_head_json":{"title":"Telesto Tilsam - Telegide | Tilsam Jewelry","description":"Telesto Tilsam - Telegide - Oryginalna, z\u0142ota, r\u0119cznie robiona bi\u017cuteria z kamieniami szlachetnymi.","robots":{"index":"index","follow":"follow","max-snippet":"max-snippet:-1","max-image-preview":"max-image-preview:large","max-video-preview":"max-video-preview:-1"},"canonical":"https:\/\/tilsamjewelry.com\/en\/produkt\/telesto-tilsam-telegide-2\/","og_locale":"en_US","og_type":"article","og_title":"Telesto Tilsam - Telegide | Tilsam Jewelry","og_description":"Telesto Tilsam - Telegide - Oryginalna, z\u0142ota, r\u0119cznie robiona bi\u017cuteria z kamieniami szlachetnymi.","og_url":"https:\/\/tilsamjewelry.com\/en\/produkt\/telesto-tilsam-telegide-2\/","og_site_name":"Tilsam","article_modified_time":"2022-05-30T10:33:11+00:00","og_image":[{"width":2560,"height":2560,"url":"https:\/\/tilsamjewelry.com\/wp-content\/uploads\/2022\/03\/64-scaled.jpg","type":"image\/jpeg"}],"twitter_card":"summary_large_image","twitter_misc":{"Est. reading time":"1 minute"},"schema":{"@context":"https:\/\/schema.org","@graph":[{"@type":"WebPage","@id":"https:\/\/tilsamjewelry.com\/en\/produkt\/telesto-tilsam-telegide-2\/","url":"https:\/\/tilsamjewelry.com\/en\/produkt\/telesto-tilsam-telegide-2\/","name":"Telesto Tilsam - Telegide | Tilsam Jewelry","isPartOf":{"@id":"https:\/\/tilsamjewelry.com\/#website"},"datePublished":"2022-03-09T17:57:52+00:00","dateModified":"2022-05-30T10:33:11+00:00","description":"Telesto Tilsam - Telegide - Oryginalna, z\u0142ota, r\u0119cznie robiona bi\u017cuteria z kamieniami szlachetnymi.","breadcrumb":{"@id":"https:\/\/tilsamjewelry.com\/en\/produkt\/telesto-tilsam-telegide-2\/#breadcrumb"},"inLanguage":"en-US","potentialAction":[{"@type":"ReadAction","target":["https:\/\/tilsamjewelry.com\/en\/produkt\/telesto-tilsam-telegide-2\/"]}]},{"@type":"BreadcrumbList","@id":"https:\/\/tilsamjewelry.com\/en\/produkt\/telesto-tilsam-telegide-2\/#breadcrumb","itemListElement":[{"@type":"ListItem","position":1,"name":"Strona g\u0142\u00f3wna","item":"https:\/\/tilsamjewelry.com\/"},{"@type":"ListItem","position":2,"name":"Shop","item":"https:\/\/tilsamjewelry.com\/shop\/"},{"@type":"ListItem","position":3,"name":"Telesto Tilsam &#8211; Telegide"}]},{"@type":"WebSite","@id":"https:\/\/tilsamjewelry.com\/#website","url":"https:\/\/tilsamjewelry.com\/","name":"Tilsam","description":"Kolejna witryna WordPress","publisher":{"@id":"https:\/\/tilsamjewelry.com\/#organization"},"potentialAction":[{"@type":"SearchAction","target":{"@type":"EntryPoint","urlTemplate":"https:\/\/tilsamjewelry.com\/?s={search_term_string}"},"query-input":"required name=search_term_string"}],"inLanguage":"en-US"},{"@type":"Organization","@id":"https:\/\/tilsamjewelry.com\/#organization","name":"Tilsam | Oryginalna, z\u0142ota, r\u0119cznie robiona bi\u017cuteria z kamieniami szlachetnymi.","url":"https:\/\/tilsamjewelry.com\/","logo":{"@type":"ImageObject","inLanguage":"en-US","@id":"https:\/\/tilsamjewelry.com\/#\/schema\/logo\/image\/","url":"https:\/\/tilsamjewelry.com\/wp-content\/uploads\/2022\/02\/Tilsam_logo_OK-2.png","contentUrl":"https:\/\/tilsamjewelry.com\/wp-content\/uploads\/2022\/02\/Tilsam_logo_OK-2.png","width":600,"height":183,"caption":"Tilsam | Oryginalna, z\u0142ota, r\u0119cznie robiona bi\u017cuteria z kamieniami szlachetnymi."},"image":{"@id":"https:\/\/tilsamjewelry.com\/#\/schema\/logo\/image\/"}}]}},"_links":{"self":[{"href":"https:\/\/tilsamjewelry.com\/en\/wp-json\/wp\/v2\/product\/16867"}],"collection":[{"href":"https:\/\/tilsamjewelry.com\/en\/wp-json\/wp\/v2\/product"}],"about":[{"href":"https:\/\/tilsamjewelry.com\/en\/wp-json\/wp\/v2\/types\/product"}],"replies":[{"embeddable":true,"href":"https:\/\/tilsamjewelry.com\/en\/wp-json\/wp\/v2\/comments?post=16867"}],"wp:featuredmedia":[{"embeddable":true,"href":"https:\/\/tilsamjewelry.com\/en\/wp-json\/wp\/v2\/media\/16516"}],"wp:attachment":[{"href":"https:\/\/tilsamjewelry.com\/en\/wp-json\/wp\/v2\/media?parent=16867"}],"wp:term":[{"taxonomy":"product_cat","embeddable":true,"href":"https:\/\/tilsamjewelry.com\/en\/wp-json\/wp\/v2\/product_cat?post=16867"},{"taxonomy":"product_tag","embeddable":true,"href":"https:\/\/tilsamjewelry.com\/en\/wp-json\/wp\/v2\/product_tag?post=16867"}],"curies":[{"name":"wp","href":"https:\/\/api.w.org\/{rel}","templated":true}]}}