{"id":16649,"date":"2022-02-02T21:51:59","date_gmt":"2022-02-02T21:51:59","guid":{"rendered":"https:\/\/tilsamjewelry.com\/tilsam-community-trademark\/"},"modified":"2022-04-21T17:57:05","modified_gmt":"2022-04-21T17:57:05","slug":"tilsam-community-trademark","status":"publish","type":"page","link":"https:\/\/tilsamjewelry.com\/en\/tilsam-community-trademark\/","title":{"rendered":"Tilsam Community Trademark"},"content":{"rendered":"<section class=\"wpb-content-wrapper\">[vc_row][vc_column][vc_column_text]Oznaczenie:<\/p>\n<p><em><img decoding=\"async\" loading=\"lazy\" class=\"alignnone size-medium wp-image-15144\" src=\"https:\/\/tilsamjewelry.com\/wp-content\/uploads\/2022\/01\/Tilsam_logo_OK-1-300x92.png\" alt=\"Tilsam_logo_OK-1\" width=\"300\" height=\"92\" srcset=\"https:\/\/tilsamjewelry.com\/wp-content\/uploads\/2022\/01\/Tilsam_logo_OK-1-300x92.png 300w, https:\/\/tilsamjewelry.com\/wp-content\/uploads\/2022\/01\/Tilsam_logo_OK-1.png 600w\" sizes=\"(max-width: 300px) 100vw, 300px\" \/><\/em><\/p>\n<p>oraz<\/p>\n<p><em><img decoding=\"async\" loading=\"lazy\" class=\"alignnone size-full wp-image-15211\" src=\"https:\/\/tilsamjewelry.com\/wp-content\/uploads\/2022\/02\/T-jak-tislam.jpg\" alt=\"\" width=\"54\" height=\"68\" \/><\/em><\/p>\n<p>stanowi\u0105 unijne znaki towarowe zarejestrowane przez Europejski Urz\u0105d ds. W\u0142asno\u015bci Intelektualnej odpowiednio pod numerami 018564489 oraz 018564494. W\u0142a\u015bcicielami znak\u00f3w jest Little Tuscany sp. z o.o. z siedzib\u0105 w \u0141odzi.<\/p>\n<p>Rejestracja unijnego znaku towarowego skutkuje przyznaniem w\u0142a\u015bcicielowi praw wy\u0142\u0105cznych do tego znaku.<\/p>\n<p>Powy\u017csze oznacza, \u017ce w\u0142a\u015bciciel unijnego znaku towarowego jest uprawniony do uniemo\u017cliwienia wszelkim osobom trzecim, kt\u00f3re nie posiadaj\u0105 jego zgody, u\u017cywania w obrocie handlowym, w odniesieniu do towar\u00f3w lub us\u0142ug, oznaczenia<\/p>\n<ul>\n<li>identycznego z unijnym znakiem towarowym w odniesieniu do towar\u00f3w lub us\u0142ug, kt\u00f3re s\u0105 identyczne z tymi, dla kt\u00f3rych unijny znak towarowy zosta\u0142 zarejestrowany;<\/li>\n<li>identycznego\u00a0\u00a0z unijnym znakiem towarowym lub do niego podobnego w odniesieniu do towar\u00f3w lub us\u0142ug, kt\u00f3re s\u0105 identyczne z towarami lub us\u0142ugami, dla kt\u00f3rych unijny znak towarowy zosta\u0142 zarejestrowany, lub do nich podobne, je\u017celi istnieje prawdopodobie\u0144stwo wprowadzenia odbiorc\u00f3w w b\u0142\u0105d;<\/li>\n<\/ul>\n<p>W szczeg\u00f3lno\u015bci w\u0142a\u015bciciel znaku towarowego mo\u017ce zakaza\u0107 : umieszczania oznaczenia na towarach lub ich opakowaniach; oferowania towar\u00f3w; wprowadzania ich do obrotu lub ich magazynowania w tym celu pod takim oznaczeniem, lub oferowania lub \u015bwiadczenia us\u0142ug pod tym oznaczeniem; przywozu lub wywozu towar\u00f3w pod takim oznaczeniem, u\u017cywania oznaczenia jako nazwy handlowej lub nazwy przedsi\u0119biorstwa, lub jako cz\u0119\u015bci tych nazw, u\u017cywania oznaczenia w dokumentach handlowych i w reklamie.<\/p>\n<p>Ochrona udzielona na unijny znak towarowy obejmuje teren Unii Europejskiej.[\/vc_column_text][\/vc_column][\/vc_row]\n<\/section>","protected":false},"excerpt":{"rendered":"<p>[vc_row][vc_column][vc_column_text]Oznaczenie: oraz stanowi\u0105 unijne znaki towarowe zarejestrowane przez Europejski Urz\u0105d ds. W\u0142asno\u015bci Intelektualnej odpowiednio pod numerami 018564489 oraz 018564494. W\u0142a\u015bcicielami znak\u00f3w jest<\/p>\n","protected":false},"author":1,"featured_media":0,"parent":0,"menu_order":0,"comment_status":"closed","ping_status":"closed","template":"","meta":[],"yoast_head":"<!-- This site is optimized with the Yoast SEO plugin v21.4 - https:\/\/yoast.com\/wordpress\/plugins\/seo\/ -->\n<title>Tilsam Community Trademark | Tilsam Jewelry - Tilsam<\/title>\n<meta name=\"description\" content=\"Tilsam Community Trademark - Oryginalna, z\u0142ota, r\u0119cznie robiona bi\u017cuteria z kamieniami szlachetnymi | Tilsam Jewelry\" \/>\n<meta name=\"robots\" content=\"index, follow, max-snippet:-1, max-image-preview:large, max-video-preview:-1\" \/>\n<link rel=\"canonical\" href=\"https:\/\/tilsamjewelry.com\/en\/tilsam-community-trademark\/\" \/>\n<meta property=\"og:locale\" content=\"en_US\" \/>\n<meta property=\"og:type\" content=\"article\" \/>\n<meta property=\"og:title\" content=\"Tilsam Community Trademark | Tilsam Jewelry - Tilsam\" \/>\n<meta property=\"og:description\" content=\"Tilsam Community Trademark - Oryginalna, z\u0142ota, r\u0119cznie robiona bi\u017cuteria z kamieniami szlachetnymi | Tilsam Jewelry\" \/>\n<meta property=\"og:url\" content=\"https:\/\/tilsamjewelry.com\/en\/tilsam-community-trademark\/\" \/>\n<meta property=\"og:site_name\" content=\"Tilsam\" \/>\n<meta property=\"article:modified_time\" content=\"2022-04-21T17:57:05+00:00\" \/>\n<meta property=\"og:image\" content=\"https:\/\/tilsamjewelry.com\/wp-content\/uploads\/2022\/01\/Tilsam_logo_OK-1-300x92.png\" \/>\n<meta name=\"twitter:card\" content=\"summary_large_image\" \/>\n<meta name=\"twitter:label1\" content=\"Est. reading time\" \/>\n\t<meta name=\"twitter:data1\" content=\"1 minute\" \/>\n<script type=\"application\/ld+json\" class=\"yoast-schema-graph\">{\"@context\":\"https:\/\/schema.org\",\"@graph\":[{\"@type\":\"WebPage\",\"@id\":\"https:\/\/tilsamjewelry.com\/en\/tilsam-community-trademark\/\",\"url\":\"https:\/\/tilsamjewelry.com\/en\/tilsam-community-trademark\/\",\"name\":\"Tilsam Community Trademark | Tilsam Jewelry - Tilsam\",\"isPartOf\":{\"@id\":\"https:\/\/tilsamjewelry.com\/#website\"},\"datePublished\":\"2022-02-02T21:51:59+00:00\",\"dateModified\":\"2022-04-21T17:57:05+00:00\",\"description\":\"Tilsam Community Trademark - Oryginalna, z\u0142ota, r\u0119cznie robiona bi\u017cuteria z kamieniami szlachetnymi | Tilsam Jewelry\",\"breadcrumb\":{\"@id\":\"https:\/\/tilsamjewelry.com\/en\/tilsam-community-trademark\/#breadcrumb\"},\"inLanguage\":\"en-US\",\"potentialAction\":[{\"@type\":\"ReadAction\",\"target\":[\"https:\/\/tilsamjewelry.com\/en\/tilsam-community-trademark\/\"]}]},{\"@type\":\"BreadcrumbList\",\"@id\":\"https:\/\/tilsamjewelry.com\/en\/tilsam-community-trademark\/#breadcrumb\",\"itemListElement\":[{\"@type\":\"ListItem\",\"position\":1,\"name\":\"Strona g\u0142\u00f3wna\",\"item\":\"https:\/\/tilsamjewelry.com\/\"},{\"@type\":\"ListItem\",\"position\":2,\"name\":\"Tilsam Community Trademark\"}]},{\"@type\":\"WebSite\",\"@id\":\"https:\/\/tilsamjewelry.com\/#website\",\"url\":\"https:\/\/tilsamjewelry.com\/\",\"name\":\"Tilsam\",\"description\":\"Kolejna witryna WordPress\",\"publisher\":{\"@id\":\"https:\/\/tilsamjewelry.com\/#organization\"},\"potentialAction\":[{\"@type\":\"SearchAction\",\"target\":{\"@type\":\"EntryPoint\",\"urlTemplate\":\"https:\/\/tilsamjewelry.com\/?s={search_term_string}\"},\"query-input\":\"required name=search_term_string\"}],\"inLanguage\":\"en-US\"},{\"@type\":\"Organization\",\"@id\":\"https:\/\/tilsamjewelry.com\/#organization\",\"name\":\"Tilsam | Oryginalna, z\u0142ota, r\u0119cznie robiona bi\u017cuteria z kamieniami szlachetnymi.\",\"url\":\"https:\/\/tilsamjewelry.com\/\",\"logo\":{\"@type\":\"ImageObject\",\"inLanguage\":\"en-US\",\"@id\":\"https:\/\/tilsamjewelry.com\/#\/schema\/logo\/image\/\",\"url\":\"https:\/\/tilsamjewelry.com\/wp-content\/uploads\/2022\/02\/Tilsam_logo_OK-2.png\",\"contentUrl\":\"https:\/\/tilsamjewelry.com\/wp-content\/uploads\/2022\/02\/Tilsam_logo_OK-2.png\",\"width\":600,\"height\":183,\"caption\":\"Tilsam | Oryginalna, z\u0142ota, r\u0119cznie robiona bi\u017cuteria z kamieniami szlachetnymi.\"},\"image\":{\"@id\":\"https:\/\/tilsamjewelry.com\/#\/schema\/logo\/image\/\"}}]}<\/script>\n<!-- \/ Yoast SEO plugin. -->","yoast_head_json":{"title":"Tilsam Community Trademark | Tilsam Jewelry - Tilsam","description":"Tilsam Community Trademark - Oryginalna, z\u0142ota, r\u0119cznie robiona bi\u017cuteria z kamieniami szlachetnymi | Tilsam Jewelry","robots":{"index":"index","follow":"follow","max-snippet":"max-snippet:-1","max-image-preview":"max-image-preview:large","max-video-preview":"max-video-preview:-1"},"canonical":"https:\/\/tilsamjewelry.com\/en\/tilsam-community-trademark\/","og_locale":"en_US","og_type":"article","og_title":"Tilsam Community Trademark | Tilsam Jewelry - Tilsam","og_description":"Tilsam Community Trademark - Oryginalna, z\u0142ota, r\u0119cznie robiona bi\u017cuteria z kamieniami szlachetnymi | Tilsam Jewelry","og_url":"https:\/\/tilsamjewelry.com\/en\/tilsam-community-trademark\/","og_site_name":"Tilsam","article_modified_time":"2022-04-21T17:57:05+00:00","og_image":[{"url":"https:\/\/tilsamjewelry.com\/wp-content\/uploads\/2022\/01\/Tilsam_logo_OK-1-300x92.png"}],"twitter_card":"summary_large_image","twitter_misc":{"Est. reading time":"1 minute"},"schema":{"@context":"https:\/\/schema.org","@graph":[{"@type":"WebPage","@id":"https:\/\/tilsamjewelry.com\/en\/tilsam-community-trademark\/","url":"https:\/\/tilsamjewelry.com\/en\/tilsam-community-trademark\/","name":"Tilsam Community Trademark | Tilsam Jewelry - Tilsam","isPartOf":{"@id":"https:\/\/tilsamjewelry.com\/#website"},"datePublished":"2022-02-02T21:51:59+00:00","dateModified":"2022-04-21T17:57:05+00:00","description":"Tilsam Community Trademark - Oryginalna, z\u0142ota, r\u0119cznie robiona bi\u017cuteria z kamieniami szlachetnymi | Tilsam Jewelry","breadcrumb":{"@id":"https:\/\/tilsamjewelry.com\/en\/tilsam-community-trademark\/#breadcrumb"},"inLanguage":"en-US","potentialAction":[{"@type":"ReadAction","target":["https:\/\/tilsamjewelry.com\/en\/tilsam-community-trademark\/"]}]},{"@type":"BreadcrumbList","@id":"https:\/\/tilsamjewelry.com\/en\/tilsam-community-trademark\/#breadcrumb","itemListElement":[{"@type":"ListItem","position":1,"name":"Strona g\u0142\u00f3wna","item":"https:\/\/tilsamjewelry.com\/"},{"@type":"ListItem","position":2,"name":"Tilsam Community Trademark"}]},{"@type":"WebSite","@id":"https:\/\/tilsamjewelry.com\/#website","url":"https:\/\/tilsamjewelry.com\/","name":"Tilsam","description":"Kolejna witryna WordPress","publisher":{"@id":"https:\/\/tilsamjewelry.com\/#organization"},"potentialAction":[{"@type":"SearchAction","target":{"@type":"EntryPoint","urlTemplate":"https:\/\/tilsamjewelry.com\/?s={search_term_string}"},"query-input":"required name=search_term_string"}],"inLanguage":"en-US"},{"@type":"Organization","@id":"https:\/\/tilsamjewelry.com\/#organization","name":"Tilsam | Oryginalna, z\u0142ota, r\u0119cznie robiona bi\u017cuteria z kamieniami szlachetnymi.","url":"https:\/\/tilsamjewelry.com\/","logo":{"@type":"ImageObject","inLanguage":"en-US","@id":"https:\/\/tilsamjewelry.com\/#\/schema\/logo\/image\/","url":"https:\/\/tilsamjewelry.com\/wp-content\/uploads\/2022\/02\/Tilsam_logo_OK-2.png","contentUrl":"https:\/\/tilsamjewelry.com\/wp-content\/uploads\/2022\/02\/Tilsam_logo_OK-2.png","width":600,"height":183,"caption":"Tilsam | Oryginalna, z\u0142ota, r\u0119cznie robiona bi\u017cuteria z kamieniami szlachetnymi."},"image":{"@id":"https:\/\/tilsamjewelry.com\/#\/schema\/logo\/image\/"}}]}},"_links":{"self":[{"href":"https:\/\/tilsamjewelry.com\/en\/wp-json\/wp\/v2\/pages\/16649"}],"collection":[{"href":"https:\/\/tilsamjewelry.com\/en\/wp-json\/wp\/v2\/pages"}],"about":[{"href":"https:\/\/tilsamjewelry.com\/en\/wp-json\/wp\/v2\/types\/page"}],"author":[{"embeddable":true,"href":"https:\/\/tilsamjewelry.com\/en\/wp-json\/wp\/v2\/users\/1"}],"replies":[{"embeddable":true,"href":"https:\/\/tilsamjewelry.com\/en\/wp-json\/wp\/v2\/comments?post=16649"}],"version-history":[{"count":1,"href":"https:\/\/tilsamjewelry.com\/en\/wp-json\/wp\/v2\/pages\/16649\/revisions"}],"predecessor-version":[{"id":16650,"href":"https:\/\/tilsamjewelry.com\/en\/wp-json\/wp\/v2\/pages\/16649\/revisions\/16650"}],"wp:attachment":[{"href":"https:\/\/tilsamjewelry.com\/en\/wp-json\/wp\/v2\/media?parent=16649"}],"curies":[{"name":"wp","href":"https:\/\/api.w.org\/{rel}","templated":true}]}}